{"id":6271,"date":"2024-03-24T20:36:03","date_gmt":"2024-03-24T13:36:03","guid":{"rendered":"https:\/\/web.host247.vn\/web074\/?post_type=product&#038;p=6271"},"modified":"2024-03-24T21:26:56","modified_gmt":"2024-03-24T14:26:56","slug":"cua-2","status":"publish","type":"product","link":"https:\/\/web.host247.vn\/web074\/?product=cua-2","title":{"rendered":"Cua 2"},"content":{"rendered":"<p>M\u00f4 t\u1ea3 m\u00f3n \u0103n ngon c\u1ee7a nh\u00e0 h\u00e0ng. \u0110\u00e2y l\u00e0 website \u0111\u01b0\u1ee3c thi\u1ebft k\u1ebf v\u1edbi d\u1ecbch v\u1ee5 thi\u1ebft k\u1ebf website nh\u00e0 h\u00e0ng, d\u1ecbch v\u1ee5 thi\u1ebft k\u1ebf website gi\u00e1 r\u1ebb c\u1ee7a Host247.vn. M\u00f4 t\u1ea3 m\u00f3n \u0103n ngon c\u1ee7a nh\u00e0 h\u00e0ng. \u0110\u00e2y l\u00e0 website \u0111\u01b0\u1ee3c thi\u1ebft k\u1ebf v\u1edbi d\u1ecbch v\u1ee5 thi\u1ebft k\u1ebf website nh\u00e0 h\u00e0ng, d\u1ecbch v\u1ee5 thi\u1ebft k\u1ebf website gi\u00e1 r\u1ebb c\u1ee7a Host247.vn. M\u00f4 t\u1ea3 m\u00f3n \u0103n ngon c\u1ee7a nh\u00e0 h\u00e0ng. \u0110\u00e2y l\u00e0 website \u0111\u01b0\u1ee3c thi\u1ebft k\u1ebf v\u1edbi d\u1ecbch v\u1ee5 thi\u1ebft k\u1ebf website nh\u00e0 h\u00e0ng, d\u1ecbch v\u1ee5 thi\u1ebft k\u1ebf website gi\u00e1 r\u1ebb c\u1ee7a Host247.vn. M\u00f4 t\u1ea3 m\u00f3n \u0103n ngon c\u1ee7a nh\u00e0 h\u00e0ng. \u0110\u00e2y l\u00e0 website \u0111\u01b0\u1ee3c thi\u1ebft k\u1ebf v\u1edbi d\u1ecbch v\u1ee5 thi\u1ebft k\u1ebf website nh\u00e0 h\u00e0ng, d\u1ecbch v\u1ee5 thi\u1ebft k\u1ebf website gi\u00e1 r\u1ebb c\u1ee7a Host247.vn. M\u00f4 t\u1ea3 m\u00f3n \u0103n ngon c\u1ee7a nh\u00e0 h\u00e0ng. \u0110\u00e2y l\u00e0 website \u0111\u01b0\u1ee3c thi\u1ebft k\u1ebf v\u1edbi d\u1ecbch v\u1ee5 thi\u1ebft k\u1ebf website nh\u00e0 h\u00e0ng, d\u1ecbch v\u1ee5 thi\u1ebft k\u1ebf website gi\u00e1 r\u1ebb c\u1ee7a Host247.vn. M\u00f4 t\u1ea3 m\u00f3n \u0103n ngon c\u1ee7a nh\u00e0 h\u00e0ng. \u0110\u00e2y l\u00e0 website \u0111\u01b0\u1ee3c thi\u1ebft k\u1ebf v\u1edbi d\u1ecbch v\u1ee5 thi\u1ebft k\u1ebf website nh\u00e0 h\u00e0ng, d\u1ecbch v\u1ee5 thi\u1ebft k\u1ebf website gi\u00e1 r\u1ebb c\u1ee7a Host247.vn. M\u00f4 t\u1ea3 m\u00f3n \u0103n ngon c\u1ee7a nh\u00e0 h\u00e0ng. \u0110\u00e2y l\u00e0 website \u0111\u01b0\u1ee3c thi\u1ebft k\u1ebf v\u1edbi d\u1ecbch v\u1ee5 thi\u1ebft k\u1ebf website nh\u00e0 h\u00e0ng, d\u1ecbch v\u1ee5 thi\u1ebft k\u1ebf website gi\u00e1 r\u1ebb c\u1ee7a Host247.vn. M\u00f4 t\u1ea3 m\u00f3n \u0103n ngon c\u1ee7a nh\u00e0 h\u00e0ng. \u0110\u00e2y l\u00e0 website \u0111\u01b0\u1ee3c thi\u1ebft k\u1ebf v\u1edbi d\u1ecbch v\u1ee5 thi\u1ebft k\u1ebf website nh\u00e0 h\u00e0ng, d\u1ecbch v\u1ee5 thi\u1ebft k\u1ebf website gi\u00e1 r\u1ebb c\u1ee7a Host247.vn.<\/p>\n<p style=\"text-align: center;\"><img fetchpriority=\"high\" decoding=\"async\" class=\"alignnone size-full wp-image-5643\" src=\"https:\/\/web.host247.vn\/web074\/wp-content\/uploads\/2024\/03\/thuc-don.jpg\" alt=\"\" width=\"600\" height=\"400\" srcset=\"https:\/\/web.host247.vn\/web074\/wp-content\/uploads\/2024\/03\/thuc-don.jpg 600w, https:\/\/web.host247.vn\/web074\/wp-content\/uploads\/2024\/03\/thuc-don-300x200.jpg 300w\" sizes=\"(max-width: 600px) 100vw, 600px\" \/><\/p>\n<p>M\u00f4 t\u1ea3 m\u00f3n \u0103n ngon c\u1ee7a nh\u00e0 h\u00e0ng. \u0110\u00e2y l\u00e0 website \u0111\u01b0\u1ee3c thi\u1ebft k\u1ebf v\u1edbi d\u1ecbch v\u1ee5 thi\u1ebft k\u1ebf website nh\u00e0 h\u00e0ng, d\u1ecbch v\u1ee5 thi\u1ebft k\u1ebf website gi\u00e1 r\u1ebb c\u1ee7a Host247.vn. M\u00f4 t\u1ea3 m\u00f3n \u0103n ngon c\u1ee7a nh\u00e0 h\u00e0ng. \u0110\u00e2y l\u00e0 website \u0111\u01b0\u1ee3c thi\u1ebft k\u1ebf v\u1edbi d\u1ecbch v\u1ee5 thi\u1ebft k\u1ebf website nh\u00e0 h\u00e0ng, d\u1ecbch v\u1ee5 thi\u1ebft k\u1ebf website gi\u00e1 r\u1ebb c\u1ee7a Host247.vn. M\u00f4 t\u1ea3 m\u00f3n \u0103n ngon c\u1ee7a nh\u00e0 h\u00e0ng. \u0110\u00e2y l\u00e0 website \u0111\u01b0\u1ee3c thi\u1ebft k\u1ebf v\u1edbi d\u1ecbch v\u1ee5 thi\u1ebft k\u1ebf website nh\u00e0 h\u00e0ng, d\u1ecbch v\u1ee5 thi\u1ebft k\u1ebf website gi\u00e1 r\u1ebb c\u1ee7a Host247.vn. M\u00f4 t\u1ea3 m\u00f3n \u0103n ngon c\u1ee7a nh\u00e0 h\u00e0ng. \u0110\u00e2y l\u00e0 website \u0111\u01b0\u1ee3c thi\u1ebft k\u1ebf v\u1edbi d\u1ecbch v\u1ee5 thi\u1ebft k\u1ebf website nh\u00e0 h\u00e0ng, d\u1ecbch v\u1ee5 thi\u1ebft k\u1ebf website gi\u00e1 r\u1ebb c\u1ee7a Host247.vn.<\/p>\n<p>M\u00f4 t\u1ea3 m\u00f3n \u0103n ngon c\u1ee7a nh\u00e0 h\u00e0ng. \u0110\u00e2y l\u00e0 website \u0111\u01b0\u1ee3c thi\u1ebft k\u1ebf v\u1edbi d\u1ecbch v\u1ee5 thi\u1ebft k\u1ebf website nh\u00e0 h\u00e0ng, d\u1ecbch v\u1ee5 thi\u1ebft k\u1ebf website gi\u00e1 r\u1ebb c\u1ee7a Host247.vn. M\u00f4 t\u1ea3 m\u00f3n \u0103n ngon c\u1ee7a nh\u00e0 h\u00e0ng. \u0110\u00e2y l\u00e0 website \u0111\u01b0\u1ee3c thi\u1ebft k\u1ebf v\u1edbi d\u1ecbch v\u1ee5 thi\u1ebft k\u1ebf website nh\u00e0 h\u00e0ng, d\u1ecbch v\u1ee5 thi\u1ebft k\u1ebf website gi\u00e1 r\u1ebb c\u1ee7a Host247.vn. M\u00f4 t\u1ea3 m\u00f3n \u0103n ngon c\u1ee7a nh\u00e0 h\u00e0ng. \u0110\u00e2y l\u00e0 website \u0111\u01b0\u1ee3c thi\u1ebft k\u1ebf v\u1edbi d\u1ecbch v\u1ee5 thi\u1ebft k\u1ebf website nh\u00e0 h\u00e0ng, d\u1ecbch v\u1ee5 thi\u1ebft k\u1ebf website gi\u00e1 r\u1ebb c\u1ee7a Host247.vn. M\u00f4 t\u1ea3 m\u00f3n \u0103n ngon c\u1ee7a nh\u00e0 h\u00e0ng. \u0110\u00e2y l\u00e0 website \u0111\u01b0\u1ee3c thi\u1ebft k\u1ebf v\u1edbi d\u1ecbch v\u1ee5 thi\u1ebft k\u1ebf website nh\u00e0 h\u00e0ng, d\u1ecbch v\u1ee5 thi\u1ebft k\u1ebf website gi\u00e1 r\u1ebb c\u1ee7a Host247.vn.<\/p>\n","protected":false},"excerpt":{"rendered":"<p>M\u00f4 t\u1ea3 m\u00f3n \u0103n ngon c\u1ee7a nh\u00e0 h\u00e0ng. \u0110\u00e2y l\u00e0 website \u0111\u01b0\u1ee3c thi\u1ebft k\u1ebf v\u1edbi d\u1ecbch v\u1ee5 thi\u1ebft k\u1ebf website nh\u00e0 h\u00e0ng, d\u1ecbch v\u1ee5 thi\u1ebft k\u1ebf website gi\u00e1 r\u1ebb c\u1ee7a Host247.vn.<\/p>\n","protected":false},"featured_media":5800,"comment_status":"open","ping_status":"closed","template":"","meta":[],"product_cat":[91],"product_tag":[],"_links":{"self":[{"href":"https:\/\/web.host247.vn\/web074\/index.php?rest_route=\/wp\/v2\/product\/6271"}],"collection":[{"href":"https:\/\/web.host247.vn\/web074\/index.php?rest_route=\/wp\/v2\/product"}],"about":[{"href":"https:\/\/web.host247.vn\/web074\/index.php?rest_route=\/wp\/v2\/types\/product"}],"replies":[{"embeddable":true,"href":"https:\/\/web.host247.vn\/web074\/index.php?rest_route=%2Fwp%2Fv2%2Fcomments&post=6271"}],"wp:featuredmedia":[{"embeddable":true,"href":"https:\/\/web.host247.vn\/web074\/index.php?rest_route=\/wp\/v2\/media\/5800"}],"wp:attachment":[{"href":"https:\/\/web.host247.vn\/web074\/index.php?rest_route=%2Fwp%2Fv2%2Fmedia&parent=6271"}],"wp:term":[{"taxonomy":"product_cat","embeddable":true,"href":"https:\/\/web.host247.vn\/web074\/index.php?rest_route=%2Fwp%2Fv2%2Fproduct_cat&post=6271"},{"taxonomy":"product_tag","embeddable":true,"href":"https:\/\/web.host247.vn\/web074\/index.php?rest_route=%2Fwp%2Fv2%2Fproduct_tag&post=6271"}],"curies":[{"name":"wp","href":"https:\/\/api.w.org\/{rel}","templated":true}]}}