{"id":6231,"date":"2024-03-24T02:33:34","date_gmt":"2024-03-23T19:33:34","guid":{"rendered":"https:\/\/web.host247.vn\/web072\/?page_id=6231"},"modified":"2024-03-25T00:23:30","modified_gmt":"2024-03-24T17:23:30","slug":"sup","status":"publish","type":"page","link":"https:\/\/web.host247.vn\/web074\/?page_id=6231","title":{"rendered":"S\u00fap"},"content":{"rendered":"\t\t<div data-elementor-type=\"wp-page\" data-elementor-id=\"6231\" class=\"elementor elementor-6231\">\n\t\t\t\t\t\t<section class=\"elementor-section elementor-top-section elementor-element elementor-element-102e456 elementor-section-boxed elementor-section-height-default elementor-section-height-default\" data-id=\"102e456\" data-element_type=\"section\">\n\t\t\t\t\t\t<div class=\"elementor-container elementor-column-gap-default\">\n\t\t\t\t\t<div class=\"elementor-column elementor-col-100 elementor-top-column elementor-element elementor-element-b2092b5\" data-id=\"b2092b5\" data-element_type=\"column\">\n\t\t\t<div class=\"elementor-widget-wrap elementor-element-populated\">\n\t\t\t\t\t\t<div class=\"elementor-element elementor-element-1e83091 elementor-grid-1 elementor-grid-tablet-default elementor-grid-mobile-default elementor-widget elementor-widget-woofoo\" data-id=\"1e83091\" data-element_type=\"widget\" data-settings=\"{&quot;woofoo_grid_columns&quot;:&quot;1&quot;,&quot;woofoo_grid_columns_tablet&quot;:&quot;default&quot;,&quot;woofoo_grid_columns_mobile&quot;:&quot;default&quot;,&quot;woofoo_product_column_gap&quot;:{&quot;unit&quot;:&quot;px&quot;,&quot;size&quot;:30,&quot;sizes&quot;:[]},&quot;woofoo_product_column_gap_tablet&quot;:{&quot;unit&quot;:&quot;px&quot;,&quot;size&quot;:&quot;&quot;,&quot;sizes&quot;:[]},&quot;woofoo_product_column_gap_mobile&quot;:{&quot;unit&quot;:&quot;px&quot;,&quot;size&quot;:&quot;&quot;,&quot;sizes&quot;:[]},&quot;woofoo_product_row_gap&quot;:{&quot;unit&quot;:&quot;px&quot;,&quot;size&quot;:30,&quot;sizes&quot;:[]},&quot;woofoo_product_row_gap_tablet&quot;:{&quot;unit&quot;:&quot;px&quot;,&quot;size&quot;:&quot;&quot;,&quot;sizes&quot;:[]},&quot;woofoo_product_row_gap_mobile&quot;:{&quot;unit&quot;:&quot;px&quot;,&quot;size&quot;:&quot;&quot;,&quot;sizes&quot;:[]},&quot;woofoo_category_spacing&quot;:{&quot;unit&quot;:&quot;px&quot;,&quot;size&quot;:&quot;&quot;,&quot;sizes&quot;:[]},&quot;woofoo_category_spacing_tablet&quot;:{&quot;unit&quot;:&quot;px&quot;,&quot;size&quot;:&quot;&quot;,&quot;sizes&quot;:[]},&quot;woofoo_category_spacing_mobile&quot;:{&quot;unit&quot;:&quot;px&quot;,&quot;size&quot;:&quot;&quot;,&quot;sizes&quot;:[]},&quot;woofoo_tag_spacing&quot;:{&quot;unit&quot;:&quot;px&quot;,&quot;size&quot;:&quot;&quot;,&quot;sizes&quot;:[]},&quot;woofoo_tag_spacing_tablet&quot;:{&quot;unit&quot;:&quot;px&quot;,&quot;size&quot;:&quot;&quot;,&quot;sizes&quot;:[]},&quot;woofoo_tag_spacing_mobile&quot;:{&quot;unit&quot;:&quot;px&quot;,&quot;size&quot;:&quot;&quot;,&quot;sizes&quot;:[]},&quot;woofoo_image_width&quot;:{&quot;unit&quot;:&quot;px&quot;,&quot;size&quot;:&quot;&quot;,&quot;sizes&quot;:[]},&quot;woofoo_image_width_tablet&quot;:{&quot;unit&quot;:&quot;px&quot;,&quot;size&quot;:&quot;&quot;,&quot;sizes&quot;:[]},&quot;woofoo_image_width_mobile&quot;:{&quot;unit&quot;:&quot;px&quot;,&quot;size&quot;:&quot;&quot;,&quot;sizes&quot;:[]},&quot;woofoo_image_height&quot;:{&quot;unit&quot;:&quot;px&quot;,&quot;size&quot;:&quot;&quot;,&quot;sizes&quot;:[]},&quot;woofoo_image_height_tablet&quot;:{&quot;unit&quot;:&quot;px&quot;,&quot;size&quot;:&quot;&quot;,&quot;sizes&quot;:[]},&quot;woofoo_image_height_mobile&quot;:{&quot;unit&quot;:&quot;px&quot;,&quot;size&quot;:&quot;&quot;,&quot;sizes&quot;:[]},&quot;woofoo_title_spacing&quot;:{&quot;unit&quot;:&quot;px&quot;,&quot;size&quot;:&quot;&quot;,&quot;sizes&quot;:[]},&quot;woofoo_title_spacing_tablet&quot;:{&quot;unit&quot;:&quot;px&quot;,&quot;size&quot;:&quot;&quot;,&quot;sizes&quot;:[]},&quot;woofoo_title_spacing_mobile&quot;:{&quot;unit&quot;:&quot;px&quot;,&quot;size&quot;:&quot;&quot;,&quot;sizes&quot;:[]},&quot;woofoo_description_spacing&quot;:{&quot;unit&quot;:&quot;px&quot;,&quot;size&quot;:&quot;&quot;,&quot;sizes&quot;:[]},&quot;woofoo_description_spacing_tablet&quot;:{&quot;unit&quot;:&quot;px&quot;,&quot;size&quot;:&quot;&quot;,&quot;sizes&quot;:[]},&quot;woofoo_description_spacing_mobile&quot;:{&quot;unit&quot;:&quot;px&quot;,&quot;size&quot;:&quot;&quot;,&quot;sizes&quot;:[]},&quot;woofoo_price_spacing&quot;:{&quot;unit&quot;:&quot;px&quot;,&quot;size&quot;:5,&quot;sizes&quot;:[]},&quot;woofoo_price_spacing_tablet&quot;:{&quot;unit&quot;:&quot;px&quot;,&quot;size&quot;:&quot;&quot;,&quot;sizes&quot;:[]},&quot;woofoo_price_spacing_mobile&quot;:{&quot;unit&quot;:&quot;px&quot;,&quot;size&quot;:&quot;&quot;,&quot;sizes&quot;:[]},&quot;woofoo_button_spacing&quot;:{&quot;unit&quot;:&quot;px&quot;,&quot;size&quot;:&quot;&quot;,&quot;sizes&quot;:[]},&quot;woofoo_button_spacing_tablet&quot;:{&quot;unit&quot;:&quot;px&quot;,&quot;size&quot;:&quot;&quot;,&quot;sizes&quot;:[]},&quot;woofoo_button_spacing_mobile&quot;:{&quot;unit&quot;:&quot;px&quot;,&quot;size&quot;:&quot;&quot;,&quot;sizes&quot;:[]},&quot;woofoo_rating_spacing&quot;:{&quot;unit&quot;:&quot;px&quot;,&quot;size&quot;:&quot;&quot;,&quot;sizes&quot;:[]},&quot;woofoo_rating_spacing_tablet&quot;:{&quot;unit&quot;:&quot;px&quot;,&quot;size&quot;:&quot;&quot;,&quot;sizes&quot;:[]},&quot;woofoo_rating_spacing_mobile&quot;:{&quot;unit&quot;:&quot;px&quot;,&quot;size&quot;:&quot;&quot;,&quot;sizes&quot;:[]}}\" data-widget_type=\"woofoo.default\">\n\t\t\t\t<div class=\"elementor-widget-container\">\n\t\t\t\r\n        <div class=\"woofoo-cat-tag-title\">\r\n                                    <h2 class=\"woofoo-category\">\r\n                            S\u00fap                        <\/h2>\r\n                            <\/div>\r\n        <div class=\"woofoo-container woofoo-design-1\">\r\n                <div class=\"woofoo-design-1\">\r\n        <div class=\"woofoo-item-container woofoo-woocommerce\">\r\n                            <div class=\"woofoo-layout-img\">                        <a href=\"https:\/\/web.host247.vn\/web074\/?product=sup-2\" class=\"woofoo-img\" title=\"S\u00fap 2\"><img decoding=\"async\" width=\"150\" height=\"150\" src=\"https:\/\/web.host247.vn\/web074\/wp-content\/uploads\/2024\/03\/sup2-150x150.jpg\" class=\"attachment-thumbnail size-thumbnail wp-post-image\" alt=\"\" srcset=\"https:\/\/web.host247.vn\/web074\/wp-content\/uploads\/2024\/03\/sup2-150x150.jpg 150w, https:\/\/web.host247.vn\/web074\/wp-content\/uploads\/2024\/03\/sup2-300x300.jpg 300w, https:\/\/web.host247.vn\/web074\/wp-content\/uploads\/2024\/03\/sup2-100x100.jpg 100w\" sizes=\"(max-width: 150px) 100vw, 150px\" \/><\/a>\r\n                                        <\/div>\r\n                        <!-- Product Content -->\r\n            <div class=\"woofoo-content\">\r\n                <!-- Label & Rate -->\r\n                <div class=\"woofoo-label-rate-wrapper\">\r\n                    <!-- Label -->\r\n                                            <div class=\"woofoo-ribbon\">\r\n                                                    <\/div>\r\n                                        <!-- Rating -->\r\n                    <div class=\"woofoo-star-rating\"><span style=\"width:0%\"><strong class=\"rating\">0<\/strong><\/span><\/div>                <\/div>\r\n                <!-- Title, Price & eparator -->\r\n                <div class=\"woofoo-title-price-wrapper\">\r\n                    <!-- Title -->\r\n                                            <div class=\"woofoo-title-wrapper\">\r\n                            <h2 class=\"woofoo-title\"><a href=\"https:\/\/web.host247.vn\/web074\/?product=sup-2\">S\u00fap 2<\/a><\/h2>\r\n                        <\/div>\r\n                                        <!-- Separator -->\r\n                    <div class=\"woofoo-separator\"><\/div>\r\n                    <!-- Prices -->\r\n                    <div class=\"woofoo-price-wrapper\"> \r\n                                                    <div class=\"woofoo-regular-price\">\r\n                                <span class=\"woocommerce-Price-amount amount\">50.000&nbsp;<span class=\"woocommerce-Price-currencySymbol\">&#8363;<\/span><\/span>                            <\/div>\r\n                                            <\/div>\r\n                <\/div>\r\n                <!-- Description -->\r\n                <div class=\"woofoo-description\">\r\n                    <p>\r\n                        M\u00f4 t\u1ea3 m\u00f3n \u0103n ngon c\u1ee7a nh\u00e0 h\u00e0ng. \u0110\u00e2y l\u00e0 website \u0111\u01b0\u1ee3c thi\u1ebft k\u1ebf v\u1edbi d\u1ecbch v\u1ee5 thi\u1ebft k\u1ebf website nh\u00e0 h\u00e0ng, d\u1ecbch v\u1ee5 thi\u1ebft k\u1ebf website gi\u00e1 r\u1ebb c\u1ee7a Host247.vn.                    <\/p>\r\n                <\/div>\r\n                <!-- Button -->\r\n                                    <div class=\"woofoo-button-wrapper\">\r\n                        <div class=\"woofoo-button\"><a href=\"?add-to-cart=6322\" rel=\"nofollow\" data-product_id=\"6322\" data-product_sku=\"\" class=\"woofoo-button-text add_to_cart_button\">\u0110\u1eb7t m\u00f3n<\/a>                        <\/div>\r\n                    <\/div>\r\n                            <\/div>\r\n        <\/div>\r\n    <\/div>\r\n        <div class=\"woofoo-design-1\">\r\n        <div class=\"woofoo-item-container woofoo-woocommerce\">\r\n                            <div class=\"woofoo-layout-img\">                        <a href=\"https:\/\/web.host247.vn\/web074\/?product=sup-1\" class=\"woofoo-img\" title=\"S\u00fap 1\"><img decoding=\"async\" width=\"150\" height=\"150\" src=\"https:\/\/web.host247.vn\/web074\/wp-content\/uploads\/2024\/03\/sup1-150x150.jpg\" class=\"attachment-thumbnail size-thumbnail wp-post-image\" alt=\"\" srcset=\"https:\/\/web.host247.vn\/web074\/wp-content\/uploads\/2024\/03\/sup1-150x150.jpg 150w, https:\/\/web.host247.vn\/web074\/wp-content\/uploads\/2024\/03\/sup1-300x300.jpg 300w, https:\/\/web.host247.vn\/web074\/wp-content\/uploads\/2024\/03\/sup1-100x100.jpg 100w\" sizes=\"(max-width: 150px) 100vw, 150px\" \/><\/a>\r\n                                        <\/div>\r\n                        <!-- Product Content -->\r\n            <div class=\"woofoo-content\">\r\n                <!-- Label & Rate -->\r\n                <div class=\"woofoo-label-rate-wrapper\">\r\n                    <!-- Label -->\r\n                                            <div class=\"woofoo-ribbon\">\r\n                                                    <\/div>\r\n                                        <!-- Rating -->\r\n                    <div class=\"woofoo-star-rating\"><span style=\"width:0%\"><strong class=\"rating\">0<\/strong><\/span><\/div>                <\/div>\r\n                <!-- Title, Price & eparator -->\r\n                <div class=\"woofoo-title-price-wrapper\">\r\n                    <!-- Title -->\r\n                                            <div class=\"woofoo-title-wrapper\">\r\n                            <h2 class=\"woofoo-title\"><a href=\"https:\/\/web.host247.vn\/web074\/?product=sup-1\">S\u00fap 1<\/a><\/h2>\r\n                        <\/div>\r\n                                        <!-- Separator -->\r\n                    <div class=\"woofoo-separator\"><\/div>\r\n                    <!-- Prices -->\r\n                    <div class=\"woofoo-price-wrapper\"> \r\n                                                    <div class=\"woofoo-regular-price\">\r\n                                <span class=\"woocommerce-Price-amount amount\">50.000&nbsp;<span class=\"woocommerce-Price-currencySymbol\">&#8363;<\/span><\/span>                            <\/div>\r\n                                            <\/div>\r\n                <\/div>\r\n                <!-- Description -->\r\n                <div class=\"woofoo-description\">\r\n                    <p>\r\n                        M\u00f4 t\u1ea3 m\u00f3n \u0103n ngon c\u1ee7a nh\u00e0 h\u00e0ng. \u0110\u00e2y l\u00e0 website \u0111\u01b0\u1ee3c thi\u1ebft k\u1ebf v\u1edbi d\u1ecbch v\u1ee5 thi\u1ebft k\u1ebf website nh\u00e0 h\u00e0ng, d\u1ecbch v\u1ee5 thi\u1ebft k\u1ebf website gi\u00e1 r\u1ebb c\u1ee7a Host247.vn.                    <\/p>\r\n                <\/div>\r\n                <!-- Button -->\r\n                                    <div class=\"woofoo-button-wrapper\">\r\n                        <div class=\"woofoo-button\"><a href=\"?add-to-cart=6321\" rel=\"nofollow\" data-product_id=\"6321\" data-product_sku=\"\" class=\"woofoo-button-text add_to_cart_button\">\u0110\u1eb7t m\u00f3n<\/a>                        <\/div>\r\n                    <\/div>\r\n                            <\/div>\r\n        <\/div>\r\n    <\/div>\r\n            <\/div>\r\n        \t\t<\/div>\n\t\t\t\t<\/div>\n\t\t\t\t\t<\/div>\n\t\t<\/div>\n\t\t\t\t\t<\/div>\n\t\t<\/section>\n\t\t\t\t<section class=\"elementor-section elementor-top-section elementor-element elementor-element-bab9126 elementor-section-boxed elementor-section-height-default elementor-section-height-default\" data-id=\"bab9126\" data-element_type=\"section\">\n\t\t\t\t\t\t<div class=\"elementor-container elementor-column-gap-default\">\n\t\t\t\t\t<div class=\"elementor-column elementor-col-100 elementor-top-column elementor-element elementor-element-bd8e942\" data-id=\"bd8e942\" data-element_type=\"column\">\n\t\t\t<div class=\"elementor-widget-wrap\">\n\t\t\t\t\t\t\t<\/div>\n\t\t<\/div>\n\t\t\t\t\t<\/div>\n\t\t<\/section>\n\t\t\t\t<\/div>\n\t\t","protected":false},"excerpt":{"rendered":"<p>S\u00fap 0 S\u00fap 2 50.000&nbsp;&#8363; M\u00f4 t\u1ea3 m\u00f3n \u0103n ngon c\u1ee7a nh\u00e0 h\u00e0ng. \u0110\u00e2y l\u00e0 website \u0111\u01b0\u1ee3c thi\u1ebft k\u1ebf v\u1edbi&hellip;<\/p>\n","protected":false},"author":1,"featured_media":0,"parent":2660,"menu_order":0,"comment_status":"closed","ping_status":"closed","template":"elementor_theme","meta":{"footnotes":""},"_links":{"self":[{"href":"https:\/\/web.host247.vn\/web074\/index.php?rest_route=\/wp\/v2\/pages\/6231"}],"collection":[{"href":"https:\/\/web.host247.vn\/web074\/index.php?rest_route=\/wp\/v2\/pages"}],"about":[{"href":"https:\/\/web.host247.vn\/web074\/index.php?rest_route=\/wp\/v2\/types\/page"}],"author":[{"embeddable":true,"href":"https:\/\/web.host247.vn\/web074\/index.php?rest_route=\/wp\/v2\/users\/1"}],"replies":[{"embeddable":true,"href":"https:\/\/web.host247.vn\/web074\/index.php?rest_route=%2Fwp%2Fv2%2Fcomments&post=6231"}],"version-history":[{"count":42,"href":"https:\/\/web.host247.vn\/web074\/index.php?rest_route=\/wp\/v2\/pages\/6231\/revisions"}],"predecessor-version":[{"id":6368,"href":"https:\/\/web.host247.vn\/web074\/index.php?rest_route=\/wp\/v2\/pages\/6231\/revisions\/6368"}],"up":[{"embeddable":true,"href":"https:\/\/web.host247.vn\/web074\/index.php?rest_route=\/wp\/v2\/pages\/2660"}],"wp:attachment":[{"href":"https:\/\/web.host247.vn\/web074\/index.php?rest_route=%2Fwp%2Fv2%2Fmedia&parent=6231"}],"curies":[{"name":"wp","href":"https:\/\/api.w.org\/{rel}","templated":true}]}}