{"id":868,"date":"2020-09-11T08:07:08","date_gmt":"2020-09-11T08:07:08","guid":{"rendered":"http:\/\/wpdemo.archiwp.com\/maxbizz\/?page_id=868"},"modified":"2022-10-28T06:45:36","modified_gmt":"2022-10-28T06:45:36","slug":"khoa-hoc-chuyen-sau","status":"publish","type":"page","link":"https:\/\/web.host247.vn\/web068\/khoa-hoc-chuyen-sau\/","title":{"rendered":"Kh\u00f3a h\u1ecdc chuy\u00ean s\u00e2u"},"content":{"rendered":"\t\t<div data-elementor-type=\"wp-page\" data-elementor-id=\"868\" class=\"elementor elementor-868\">\n\t\t\t\t\t\t\t\t\t<section class=\"elementor-section elementor-top-section elementor-element elementor-element-50913d0 elementor-section-boxed elementor-section-height-default elementor-section-height-default wpr-particle-no wpr-jarallax-no wpr-parallax-no wpr-sticky-section-no\" data-id=\"50913d0\" data-element_type=\"section\">\n\t\t\t\t\t\t<div class=\"elementor-container elementor-column-gap-default\">\n\t\t\t\t\t<div class=\"elementor-column elementor-col-100 elementor-top-column elementor-element elementor-element-6431d9b ot-flex-column-vertical\" data-id=\"6431d9b\" data-element_type=\"column\">\n\t\t\t<div class=\"elementor-widget-wrap elementor-element-populated\">\n\t\t\t\t\t\t\t\t<section class=\"elementor-section elementor-inner-section elementor-element elementor-element-2d79a54 elementor-section-full_width elementor-section-height-default elementor-section-height-default wpr-particle-no wpr-jarallax-no wpr-parallax-no wpr-sticky-section-no\" data-id=\"2d79a54\" data-element_type=\"section\">\n\t\t\t\t\t\t<div class=\"elementor-container elementor-column-gap-default\">\n\t\t\t\t\t<div class=\"elementor-column elementor-col-33 elementor-inner-column elementor-element elementor-element-d6f8efd ot-flex-column-vertical\" data-id=\"d6f8efd\" data-element_type=\"column\">\n\t\t\t<div class=\"elementor-widget-wrap\">\n\t\t\t\t\t\t\t\t\t<\/div>\n\t\t<\/div>\n\t\t\t\t<div class=\"elementor-column elementor-col-33 elementor-inner-column elementor-element elementor-element-403e7f7 ot-flex-column-vertical\" data-id=\"403e7f7\" data-element_type=\"column\">\n\t\t\t<div class=\"elementor-widget-wrap elementor-element-populated\">\n\t\t\t\t\t\t\t\t<div class=\"elementor-element elementor-element-53a4218 elementor-widget elementor-widget-iheading\" data-id=\"53a4218\" data-element_type=\"widget\" data-widget_type=\"iheading.default\">\n\t\t\t\t<div class=\"elementor-widget-container\">\n\t\t\t\t\t<div class=\"ot-heading\">\r\n\t        <span class=\"is_highlight\">KH\u00d3A H\u1eccC c\u1ee7a RNA<\/span>\t        <h3 class=\"main-head\">RNA cung c\u1ea5p<br> c\u00e1c ki\u1ebfn th\u1ee9c B\u0110S th\u1ef1c chi\u1ebfn<\/h3>\t    <\/div>\r\n\t    \t\t<\/div>\n\t\t\t\t<\/div>\n\t\t\t\t\t<\/div>\n\t\t<\/div>\n\t\t\t\t<div class=\"elementor-column elementor-col-33 elementor-inner-column elementor-element elementor-element-40e4f84 ot-flex-column-vertical\" data-id=\"40e4f84\" data-element_type=\"column\">\n\t\t\t<div class=\"elementor-widget-wrap\">\n\t\t\t\t\t\t\t\t\t<\/div>\n\t\t<\/div>\n\t\t\t\t\t\t\t<\/div>\n\t\t<\/section>\n\t\t\t\t<section class=\"elementor-section elementor-inner-section elementor-element elementor-element-33cde09 elementor-section-full_width elementor-section-height-default elementor-section-height-default wpr-particle-no wpr-jarallax-no wpr-parallax-no wpr-sticky-section-no\" data-id=\"33cde09\" data-element_type=\"section\">\n\t\t\t\t\t\t<div class=\"elementor-container elementor-column-gap-extended\">\n\t\t\t\t\t<div class=\"elementor-column elementor-col-33 elementor-inner-column elementor-element elementor-element-99d507e ot-flex-column-vertical\" data-id=\"99d507e\" data-element_type=\"column\">\n\t\t\t<div class=\"elementor-widget-wrap elementor-element-populated\">\n\t\t\t\t\t\t\t\t<div class=\"elementor-element elementor-element-8bc24d4 elementor-widget elementor-widget-iimage_box\" data-id=\"8bc24d4\" data-element_type=\"widget\" data-widget_type=\"iimage_box.default\">\n\t\t\t\t<div class=\"elementor-widget-container\">\n\t\t\t\r\n\t\t<div class=\"ot-image-box\">\r\n\t\t\t<a href=\"https:\/\/rna.richnguyen.vn\/chuyen-sau\/bat-dong-san-vi-mo\/\"><img loading=\"lazy\" decoding=\"async\" width=\"870\" height=\"577\" src=\"https:\/\/web.host247.vn\/web068\/wp-content\/uploads\/2022\/10\/37-KH-online-35.png\" class=\"attachment-full size-full wp-image-5084\" alt=\"B\u1ea5t \u0111\u1ed9ng s\u1ea3n v\u0129 m\u00f4\" srcset=\"https:\/\/web.host247.vn\/web068\/wp-content\/uploads\/2022\/10\/37-KH-online-35.png 870w, https:\/\/web.host247.vn\/web068\/wp-content\/uploads\/2022\/10\/37-KH-online-35-300x199.png 300w, https:\/\/web.host247.vn\/web068\/wp-content\/uploads\/2022\/10\/37-KH-online-35-768x509.png 768w\" sizes=\"(max-width: 870px) 100vw, 870px\" \/><\/a>\t\t\t<div class=\"content-box\">\r\n\t\t\t\t\t\t\t\t<p>B\u1ea5t \u0111\u1ed9ng s\u1ea3n v\u0129 m\u00f4<\/p>\t\t\t<\/div>\r\n\t\t\t<a href=\"https:\/\/rna.richnguyen.vn\/chuyen-sau\/bat-dong-san-vi-mo\/\" class=\"link-box font-second\"><span>Xem th\u00eam<\/span><i class=\"ot-flaticon-trajectory\"><\/i><\/a>\t    <\/div>\r\n\r\n\t    \t\t<\/div>\n\t\t\t\t<\/div>\n\t\t\t\t\t<\/div>\n\t\t<\/div>\n\t\t\t\t<div class=\"elementor-column elementor-col-33 elementor-inner-column elementor-element elementor-element-beb742d ot-flex-column-vertical\" data-id=\"beb742d\" data-element_type=\"column\">\n\t\t\t<div class=\"elementor-widget-wrap elementor-element-populated\">\n\t\t\t\t\t\t\t\t<div class=\"elementor-element elementor-element-3c860b2 elementor-widget elementor-widget-iimage_box\" data-id=\"3c860b2\" data-element_type=\"widget\" data-widget_type=\"iimage_box.default\">\n\t\t\t\t<div class=\"elementor-widget-container\">\n\t\t\t\r\n\t\t<div class=\"ot-image-box\">\r\n\t\t\t<a href=\"https:\/\/rna.richnguyen.vn\/khoa-hoc-chuyen-sau\/khon-ngoan-tai-chinh-trong-dau-tu-bat-dong-san\/\"><img loading=\"lazy\" decoding=\"async\" width=\"871\" height=\"577\" src=\"https:\/\/web.host247.vn\/web068\/wp-content\/uploads\/2022\/10\/37-KH-online-36.png\" class=\"attachment-full size-full wp-image-5085\" alt=\"Kh\u00f4n ngoan t\u00e0i ch\u00ednh trong \u0111\u1ea7u t\u01b0 b\u1ea5t \u0111\u1ed9ng s\u1ea3n\" srcset=\"https:\/\/web.host247.vn\/web068\/wp-content\/uploads\/2022\/10\/37-KH-online-36.png 871w, https:\/\/web.host247.vn\/web068\/wp-content\/uploads\/2022\/10\/37-KH-online-36-300x199.png 300w, https:\/\/web.host247.vn\/web068\/wp-content\/uploads\/2022\/10\/37-KH-online-36-768x509.png 768w\" sizes=\"(max-width: 871px) 100vw, 871px\" \/><\/a>\t\t\t<div class=\"content-box\">\r\n\t\t\t\t<h5 class=\"title-box\"><a href=\"https:\/\/rna.richnguyen.vn\/khoa-hoc-chuyen-sau\/khon-ngoan-tai-chinh-trong-dau-tu-bat-dong-san\/\">Kh\u00f4n ngoan t\u00e0i ch\u00ednh trong \u0111\u1ea7u t\u01b0 b\u1ea5t \u0111\u1ed9ng s\u1ea3n<\/a><\/h5>\t\t\t\t\t\t\t<\/div>\r\n\t\t\t<a href=\"https:\/\/rna.richnguyen.vn\/khoa-hoc-chuyen-sau\/khon-ngoan-tai-chinh-trong-dau-tu-bat-dong-san\/\" class=\"link-box font-second\"><span>Xem th\u00eam<\/span><i class=\"ot-flaticon-trajectory\"><\/i><\/a>\t    <\/div>\r\n\r\n\t    \t\t<\/div>\n\t\t\t\t<\/div>\n\t\t\t\t\t<\/div>\n\t\t<\/div>\n\t\t\t\t<div class=\"elementor-column elementor-col-33 elementor-inner-column elementor-element elementor-element-44fef9d elementor-hidden-tablet elementor-hidden-phone ot-flex-column-vertical\" data-id=\"44fef9d\" data-element_type=\"column\">\n\t\t\t<div class=\"elementor-widget-wrap elementor-element-populated\">\n\t\t\t\t\t\t\t\t<div class=\"elementor-element elementor-element-5e5c00d elementor-widget elementor-widget-iimage_box\" data-id=\"5e5c00d\" data-element_type=\"widget\" data-widget_type=\"iimage_box.default\">\n\t\t\t\t<div class=\"elementor-widget-container\">\n\t\t\t\r\n\t\t<div class=\"ot-image-box\">\r\n\t\t\t<a href=\"https:\/\/rna.richnguyen.vn\/chuyen-sau\/tu-chien-luoc-toi-thuc-thi\/\"><img loading=\"lazy\" decoding=\"async\" width=\"871\" height=\"577\" src=\"https:\/\/web.host247.vn\/web068\/wp-content\/uploads\/2022\/10\/37-KH-online-37.png\" class=\"attachment-full size-full wp-image-5086\" alt=\"T\u1eeb chi\u1ebfn l\u01b0\u1ee3c t\u1edbi th\u1ef1c thi\" srcset=\"https:\/\/web.host247.vn\/web068\/wp-content\/uploads\/2022\/10\/37-KH-online-37.png 871w, https:\/\/web.host247.vn\/web068\/wp-content\/uploads\/2022\/10\/37-KH-online-37-300x199.png 300w, https:\/\/web.host247.vn\/web068\/wp-content\/uploads\/2022\/10\/37-KH-online-37-768x509.png 768w\" sizes=\"(max-width: 871px) 100vw, 871px\" \/><\/a>\t\t\t<div class=\"content-box\">\r\n\t\t\t\t<h5 class=\"title-box\"><a href=\"https:\/\/rna.richnguyen.vn\/chuyen-sau\/tu-chien-luoc-toi-thuc-thi\/\">T\u1eeb chi\u1ebfn l\u01b0\u1ee3c \u0111\u1ebfn th\u1ef1c thi<\/a><\/h5>\t\t\t\t\t\t\t<\/div>\r\n\t\t\t<a href=\"https:\/\/rna.richnguyen.vn\/chuyen-sau\/tu-chien-luoc-toi-thuc-thi\/\" class=\"link-box font-second\"><span>Xem th\u00eam<\/span><i class=\"ot-flaticon-trajectory\"><\/i><\/a>\t    <\/div>\r\n\r\n\t    \t\t<\/div>\n\t\t\t\t<\/div>\n\t\t\t\t\t<\/div>\n\t\t<\/div>\n\t\t\t\t\t\t\t<\/div>\n\t\t<\/section>\n\t\t\t\t\t<\/div>\n\t\t<\/div>\n\t\t\t\t\t\t\t<\/div>\n\t\t<\/section>\n\t\t\t\t<section class=\"elementor-section elementor-top-section elementor-element elementor-element-da8c1a3 elementor-section-boxed elementor-section-height-default elementor-section-height-default wpr-particle-no wpr-jarallax-no wpr-parallax-no wpr-sticky-section-no\" data-id=\"da8c1a3\" data-element_type=\"section\" data-settings=\"{&quot;background_background&quot;:&quot;classic&quot;}\">\n\t\t\t\t\t\t<div class=\"elementor-container elementor-column-gap-extended\">\n\t\t\t\t\t<div class=\"elementor-column elementor-col-50 elementor-top-column elementor-element elementor-element-e17a0cf ot-flex-column-vertical\" data-id=\"e17a0cf\" data-element_type=\"column\">\n\t\t\t<div class=\"elementor-widget-wrap\">\n\t\t\t\t\t\t\t\t\t<\/div>\n\t\t<\/div>\n\t\t\t\t<div class=\"elementor-column elementor-col-50 elementor-top-column elementor-element elementor-element-46be8a0 ot-flex-column-vertical\" data-id=\"46be8a0\" data-element_type=\"column\">\n\t\t\t<div class=\"elementor-widget-wrap elementor-element-populated\">\n\t\t\t\t\t\t\t\t<div class=\"elementor-element elementor-element-b31309c elementor-widget elementor-widget-iheading\" data-id=\"b31309c\" data-element_type=\"widget\" data-widget_type=\"iheading.default\">\n\t\t\t\t<div class=\"elementor-widget-container\">\n\t\t\t\t\t<div class=\"ot-heading\">\r\n\t        <span class=\"is_highlight\">\u0110\u00fac r\u00fat b\u1edfi Rich Nguyen<\/span>\t        <h3 class=\"main-head\">Nh\u1eefng c\u00e2u ch\u00e2m ng\u00f4n hay v\u1ec1 B\u1ea5t \u0111\u1ed9ng s\u1ea3n<\/h3>\t    <\/div>\r\n\t    \t\t<\/div>\n\t\t\t\t<\/div>\n\t\t\t\t<div class=\"elementor-element elementor-element-1cb8d1d dots-vertical elementor-widget elementor-widget-itestimonials2\" data-id=\"1cb8d1d\" data-element_type=\"widget\" data-widget_type=\"itestimonials2.default\">\n\t\t\t\t<div class=\"elementor-widget-container\">\n\t\t\t\r\n\t\t<div class=\"ot-testimonials ot-testimonials-carousel-2\" data-loop=\"yes\" data-auto=\"true\" data-time=\"7000\" data-arrows=\"false\" data-dots=\"true\">\r\n\t\t\t<div class=\"owl-carousel owl-theme\">\r\n\t\t\t\t\t\t\t\t<div class=\"testi-item\">\r\n\t\t\t\t\t\t\t\t\t\t<div class=\"ttext\">MUA KHI TR\u1ea6M L\u1eaeNG, B\u00c1N KHI S\u00d4I \u0110\u1ed8NG<\/div>\t\t\t\r\n\t\t\t\t\t<div class=\"t-head\">\r\n\t\t\t\t\t\t<div class=\"tinfo\">\r\n\t\t\t\t\t\t\t<h6>Rich Nguyen<\/h6>\t\t\t\t\t\t\t<span>Gi\u00e1m \u0111\u1ed1c RNA<\/span>\t\t\t\t\t\t<\/div>\r\n\t\t\t\t\t<\/div>\r\n\t\t\t\t<\/div>\r\n\t\t\t\t\t\t\t<\/div>\t\t\t\t\r\n\t    <\/div>\r\n\r\n\t    \t\t<\/div>\n\t\t\t\t<\/div>\n\t\t\t\t\t<\/div>\n\t\t<\/div>\n\t\t\t\t\t\t\t<\/div>\n\t\t<\/section>\n\t\t\t\t<section class=\"elementor-section elementor-top-section elementor-element elementor-element-1ce3e2f elementor-section-boxed elementor-section-height-default elementor-section-height-default wpr-particle-no wpr-jarallax-no wpr-parallax-no wpr-sticky-section-no\" data-id=\"1ce3e2f\" data-element_type=\"section\" data-settings=\"{&quot;background_background&quot;:&quot;classic&quot;}\">\n\t\t\t\t\t\t<div class=\"elementor-container elementor-column-gap-default\">\n\t\t\t\t\t<div class=\"elementor-column elementor-col-100 elementor-top-column elementor-element elementor-element-72473e5 ot-flex-column-vertical\" data-id=\"72473e5\" data-element_type=\"column\">\n\t\t\t<div class=\"elementor-widget-wrap\">\n\t\t\t\t\t\t\t\t\t<\/div>\n\t\t<\/div>\n\t\t\t\t\t\t\t<\/div>\n\t\t<\/section>\n\t\t\t\t\t\t\t<\/div>\n\t\t","protected":false},"excerpt":{"rendered":"<p>KH\u00d3A H\u1eccC c\u1ee7a RNA RNA cung c\u1ea5p c\u00e1c ki\u1ebfn th\u1ee9c B\u0110S th\u1ef1c chi\u1ebfn B\u1ea5t \u0111\u1ed9ng s\u1ea3n v\u0129 m\u00f4 Xem th\u00eam Kh\u00f4n ngoan t\u00e0i ch\u00ednh trong \u0111\u1ea7u t\u01b0 b\u1ea5t \u0111\u1ed9ng s\u1ea3n Xem th\u00eam T\u1eeb chi\u1ebfn l\u01b0\u1ee3c \u0111\u1ebfn th\u1ef1c thi Xem th\u00eam \u0110\u00fac r\u00fat b\u1edfi Rich Nguyen Nh\u1eefng c\u00e2u ch\u00e2m ng\u00f4n hay v\u1ec1 B\u1ea5t \u0111\u1ed9ng s\u1ea3n MUA [&hellip;]<\/p>\n","protected":false},"author":1,"featured_media":0,"parent":0,"menu_order":0,"comment_status":"closed","ping_status":"closed","template":"","meta":{"footnotes":""},"_links":{"self":[{"href":"https:\/\/web.host247.vn\/web068\/wp-json\/wp\/v2\/pages\/868"}],"collection":[{"href":"https:\/\/web.host247.vn\/web068\/wp-json\/wp\/v2\/pages"}],"about":[{"href":"https:\/\/web.host247.vn\/web068\/wp-json\/wp\/v2\/types\/page"}],"author":[{"embeddable":true,"href":"https:\/\/web.host247.vn\/web068\/wp-json\/wp\/v2\/users\/1"}],"replies":[{"embeddable":true,"href":"https:\/\/web.host247.vn\/web068\/wp-json\/wp\/v2\/comments?post=868"}],"version-history":[{"count":57,"href":"https:\/\/web.host247.vn\/web068\/wp-json\/wp\/v2\/pages\/868\/revisions"}],"predecessor-version":[{"id":5116,"href":"https:\/\/web.host247.vn\/web068\/wp-json\/wp\/v2\/pages\/868\/revisions\/5116"}],"wp:attachment":[{"href":"https:\/\/web.host247.vn\/web068\/wp-json\/wp\/v2\/media?parent=868"}],"curies":[{"name":"wp","href":"https:\/\/api.w.org\/{rel}","templated":true}]}}