{"id":2,"date":"2024-12-01T17:51:25","date_gmt":"2024-12-01T17:51:25","guid":{"rendered":"https:\/\/web.host247.vn\/web028\/?page_id=2"},"modified":"2024-12-05T17:19:05","modified_gmt":"2024-12-05T17:19:05","slug":"lien-he","status":"publish","type":"page","link":"https:\/\/web.host247.vn\/web028\/lien-he\/","title":{"rendered":"Li\u00ean h\u1ec7"},"content":{"rendered":"\t\t<div data-elementor-type=\"wp-page\" data-elementor-id=\"2\" class=\"elementor elementor-2\">\n\t\t\t\t\t\t<section class=\"elementor-section elementor-top-section elementor-element elementor-element-ab8ce9f elementor-section-boxed elementor-section-height-default elementor-section-height-default wpr-particle-no wpr-jarallax-no wpr-parallax-no wpr-sticky-section-no\" data-id=\"ab8ce9f\" data-element_type=\"section\">\n\t\t\t\t\t\t<div class=\"elementor-container elementor-column-gap-default\">\n\t\t\t\t\t<div class=\"elementor-column elementor-col-50 elementor-top-column elementor-element elementor-element-4dbd755\" data-id=\"4dbd755\" data-element_type=\"column\">\n\t\t\t<div class=\"elementor-widget-wrap elementor-element-populated\">\n\t\t\t\t\t\t<div class=\"elementor-element elementor-element-022e659 elementor-widget elementor-widget-heading\" data-id=\"022e659\" data-element_type=\"widget\" data-widget_type=\"heading.default\">\n\t\t\t\t<div class=\"elementor-widget-container\">\n\t\t\t<h2 class=\"elementor-heading-title elementor-size-default\">Li\u00ean h\u1ec7<\/h2>\t\t<\/div>\n\t\t\t\t<\/div>\n\t\t\t\t<div class=\"elementor-element elementor-element-e039feb elementor-widget__width-initial elementor-widget elementor-widget-text-editor\" data-id=\"e039feb\" data-element_type=\"widget\" data-widget_type=\"text-editor.default\">\n\t\t\t\t<div class=\"elementor-widget-container\">\n\t\t\t\t\t\t\t<p>C\u1ea3m \u01a1n Qu\u00fd kh\u00e1ch \u0111\u00e3 gh\u00e9 th\u0103m R\u01b0\u1ee3u Khang Hy.\u00a0<\/p><p>Ch\u00fang t\u00f4i r\u1ea5t mong nh\u1eadn \u0111\u01b0\u1ee3c \u00fd ki\u1ebfn, c\u00e2u h\u1ecfi c\u1ee7a Qu\u00fd kh\u00e1ch. Ch\u00fang t\u00f4i s\u1ebd tr\u1ea3 l\u1eddi Qu\u00fd kh\u00e1ch trong th\u1eddi gian s\u1edbm nh\u1ea5t.<\/p><div class=\"contact-item clearfix\"><strong>\u0110\u1ecba ch\u1ec9:<\/strong> <a title=\"Contact address\">\u0110\u00f4ng Ph\u00fa &#8211; Ch\u00e2u Th\u00e0nh &#8211; H\u1eadu giang<\/a><\/div><div class=\"contact-item clearfix\"><strong>S\u1ed1 \u0111i\u1ec7n tho\u1ea1i: <\/strong><a title=\"Contact phone\">(+84)917899991 (+84)834569288<\/a><\/div><div class=\"contact-item clearfix\"><strong>Email:<\/strong> t<a title=\"Contact email\">uthanhsang1980@yahoo.com Ruoukhanghy2016@gmail.com<\/a><\/div>\t\t\t\t\t\t<\/div>\n\t\t\t\t<\/div>\n\t\t\t\t\t<\/div>\n\t\t<\/div>\n\t\t\t\t<div class=\"elementor-column elementor-col-50 elementor-top-column elementor-element elementor-element-cb381bc\" data-id=\"cb381bc\" data-element_type=\"column\">\n\t\t\t<div class=\"elementor-widget-wrap elementor-element-populated\">\n\t\t\t\t\t\t<div class=\"elementor-element elementor-element-e95a0e1 elementor-widget elementor-widget-shortcode\" data-id=\"e95a0e1\" data-element_type=\"widget\" data-widget_type=\"shortcode.default\">\n\t\t\t\t<div class=\"elementor-widget-container\">\n\t\t\t\t\t<div class=\"elementor-shortcode\">\n<div class=\"wpcf7 no-js\" id=\"wpcf7-f6-o1\" lang=\"en-US\" dir=\"ltr\" data-wpcf7-id=\"6\">\n<div class=\"screen-reader-response\"><p role=\"status\" aria-live=\"polite\" aria-atomic=\"true\"><\/p> <ul><\/ul><\/div>\n<form action=\"\/web028\/wp-json\/wp\/v2\/pages\/2#wpcf7-f6-o1\" method=\"post\" class=\"wpcf7-form init\" aria-label=\"Contact form\" novalidate=\"novalidate\" data-status=\"init\">\n<div style=\"display: none;\">\n<input type=\"hidden\" name=\"_wpcf7\" value=\"6\" \/>\n<input type=\"hidden\" name=\"_wpcf7_version\" value=\"6.0.1\" \/>\n<input type=\"hidden\" name=\"_wpcf7_locale\" value=\"en_US\" \/>\n<input type=\"hidden\" name=\"_wpcf7_unit_tag\" value=\"wpcf7-f6-o1\" \/>\n<input type=\"hidden\" name=\"_wpcf7_container_post\" value=\"0\" \/>\n<input type=\"hidden\" name=\"_wpcf7_posted_data_hash\" value=\"\" \/>\n<\/div>\n<p><label> H\u1ecd t\u00ean<br \/>\n<span class=\"wpcf7-form-control-wrap\" data-name=\"your-name\"><input size=\"40\" maxlength=\"400\" class=\"wpcf7-form-control wpcf7-text wpcf7-validates-as-required\" autocomplete=\"name\" aria-required=\"true\" aria-invalid=\"false\" value=\"\" type=\"text\" name=\"your-name\" \/><\/span> <\/label>\n<\/p>\n<p><label> \u0110\u1ecba ch\u1ec9 email<br \/>\n<span class=\"wpcf7-form-control-wrap\" data-name=\"your-email\"><input size=\"40\" maxlength=\"400\" class=\"wpcf7-form-control wpcf7-email wpcf7-validates-as-required wpcf7-text wpcf7-validates-as-email\" autocomplete=\"email\" aria-required=\"true\" aria-invalid=\"false\" value=\"\" type=\"email\" name=\"your-email\" \/><\/span> <\/label>\n<\/p>\n<p><label> Ti\u00eau \u0111\u1ec1<br \/>\n<span class=\"wpcf7-form-control-wrap\" data-name=\"your-subject\"><input size=\"40\" maxlength=\"400\" class=\"wpcf7-form-control wpcf7-text wpcf7-validates-as-required\" aria-required=\"true\" aria-invalid=\"false\" value=\"\" type=\"text\" name=\"your-subject\" \/><\/span> <\/label>\n<\/p>\n<p><label> Th\u00f4ng \u0111i\u1ec7p, c\u00e2u h\u1ecfi c\u1ee7a b\u1ea1n<br \/>\n<span class=\"wpcf7-form-control-wrap\" data-name=\"your-message\"><textarea cols=\"40\" rows=\"10\" maxlength=\"2000\" class=\"wpcf7-form-control wpcf7-textarea\" aria-invalid=\"false\" name=\"your-message\"><\/textarea><\/span> <\/label>\n<\/p>\n<p><input class=\"wpcf7-form-control wpcf7-submit has-spinner\" type=\"submit\" value=\"G\u1eedi\" \/>\n<\/p><p style=\"display: none !important;\" class=\"akismet-fields-container\" data-prefix=\"_wpcf7_ak_\"><label>&#916;<textarea name=\"_wpcf7_ak_hp_textarea\" cols=\"45\" rows=\"8\" maxlength=\"100\"><\/textarea><\/label><input type=\"hidden\" id=\"ak_js_1\" name=\"_wpcf7_ak_js\" value=\"57\"\/><script>document.getElementById( \"ak_js_1\" ).setAttribute( \"value\", ( new Date() ).getTime() );<\/script><\/p><div class=\"wpcf7-response-output\" aria-hidden=\"true\"><\/div>\n<\/form>\n<\/div>\n<\/div>\n\t\t\t\t<\/div>\n\t\t\t\t<\/div>\n\t\t\t\t\t<\/div>\n\t\t<\/div>\n\t\t\t\t\t<\/div>\n\t\t<\/section>\n\t\t\t\t<section class=\"elementor-section elementor-top-section elementor-element elementor-element-3d967234 elementor-section-boxed elementor-section-height-default elementor-section-height-default wpr-particle-no wpr-jarallax-no wpr-parallax-no wpr-sticky-section-no\" data-id=\"3d967234\" data-element_type=\"section\">\n\t\t\t\t\t\t<div class=\"elementor-container elementor-column-gap-default\">\n\t\t\t\t\t<div class=\"elementor-column elementor-col-100 elementor-top-column elementor-element elementor-element-4cf434fb\" data-id=\"4cf434fb\" data-element_type=\"column\">\n\t\t\t<div class=\"elementor-widget-wrap\">\n\t\t\t\t\t\t\t<\/div>\n\t\t<\/div>\n\t\t\t\t\t<\/div>\n\t\t<\/section>\n\t\t\t\t<section class=\"elementor-section elementor-top-section elementor-element elementor-element-5a1773f elementor-section-boxed elementor-section-height-default elementor-section-height-default wpr-particle-no wpr-jarallax-no wpr-parallax-no wpr-sticky-section-no\" data-id=\"5a1773f\" data-element_type=\"section\">\n\t\t\t\t\t\t<div class=\"elementor-container elementor-column-gap-default\">\n\t\t\t\t\t<div class=\"elementor-column elementor-col-100 elementor-top-column elementor-element elementor-element-df9e083\" data-id=\"df9e083\" data-element_type=\"column\">\n\t\t\t<div class=\"elementor-widget-wrap elementor-element-populated\">\n\t\t\t\t\t\t<div class=\"elementor-element elementor-element-b60c27a elementor-widget elementor-widget-html\" data-id=\"b60c27a\" data-element_type=\"widget\" data-widget_type=\"html.default\">\n\t\t\t\t<div class=\"elementor-widget-container\">\n\t\t\t<iframe src=\"https:\/\/www.google.com\/maps\/embed?pb=!1m14!1m8!1m3!1d62875.607491641946!2d105.828774!3d9.956784!3m2!1i1024!2i768!4f13.1!3m3!1m2!1s0x31a0618283bc6d7b%3A0xd0193465ba50ddbf!2zxJDDtG5nIFBow7osIENow6J1IFRow6BuaCwgSOG6rXUgR2lhbmcsIFZp4buHdCBOYW0!5e0!3m2!1svi!2sus!4v1733417806044!5m2!1svi!2sus\" width=\"600\" height=\"450\" style=\"border:0;\" allowfullscreen=\"\" loading=\"lazy\" referrerpolicy=\"no-referrer-when-downgrade\"><\/iframe>\t\t<\/div>\n\t\t\t\t<\/div>\n\t\t\t\t\t<\/div>\n\t\t<\/div>\n\t\t\t\t\t<\/div>\n\t\t<\/section>\n\t\t\t\t<\/div>\n\t\t","protected":false},"excerpt":{"rendered":"<p>Li\u00ean h\u1ec7 C\u1ea3m \u01a1n Qu\u00fd kh\u00e1ch \u0111\u00e3 gh\u00e9 th\u0103m R\u01b0\u1ee3u Khang Hy.\u00a0 Ch\u00fang t\u00f4i r\u1ea5t mong nh\u1eadn \u0111\u01b0\u1ee3c \u00fd ki\u1ebfn, c\u00e2u h\u1ecfi c\u1ee7a Qu\u00fd kh\u00e1ch. Ch\u00fang t\u00f4i s\u1ebd tr\u1ea3 l\u1eddi Qu\u00fd kh\u00e1ch trong th\u1eddi gian s\u1edbm nh\u1ea5t. \u0110\u1ecba ch\u1ec9: \u0110\u00f4ng Ph\u00fa &#8211; Ch\u00e2u Th\u00e0nh &#8211; H\u1eadu giangS\u1ed1 \u0111i\u1ec7n tho\u1ea1i: (+84)917899991 (+84)834569288Email: tuthanhsang1980@yahoo.com Ruoukhanghy2016@gmail.com<\/p>\n","protected":false},"author":1,"featured_media":0,"parent":0,"menu_order":0,"comment_status":"closed","ping_status":"closed","template":"elementor_header_footer","meta":{"footnotes":""},"class_list":["post-2","page","type-page","status-publish","hentry"],"yoast_head":"<!-- This site is optimized with the Yoast SEO plugin v24.0 - https:\/\/yoast.com\/wordpress\/plugins\/seo\/ -->\n<title>Li\u00ean h\u1ec7 - R\u01b0\u1ee3u Khang Hy<\/title>\n<meta name=\"robots\" content=\"index, follow, max-snippet:-1, max-image-preview:large, max-video-preview:-1\" \/>\n<link rel=\"canonical\" href=\"https:\/\/web.host247.vn\/web028\/lien-he\/\" \/>\n<meta property=\"og:locale\" content=\"vi_VN\" \/>\n<meta property=\"og:type\" content=\"article\" \/>\n<meta property=\"og:title\" content=\"Li\u00ean h\u1ec7 - R\u01b0\u1ee3u Khang Hy\" \/>\n<meta property=\"og:description\" content=\"Li\u00ean h\u1ec7 C\u1ea3m \u01a1n Qu\u00fd kh\u00e1ch \u0111\u00e3 gh\u00e9 th\u0103m R\u01b0\u1ee3u Khang Hy.\u00a0 Ch\u00fang t\u00f4i r\u1ea5t mong nh\u1eadn \u0111\u01b0\u1ee3c \u00fd ki\u1ebfn, c\u00e2u h\u1ecfi c\u1ee7a Qu\u00fd kh\u00e1ch. Ch\u00fang t\u00f4i s\u1ebd tr\u1ea3 l\u1eddi Qu\u00fd kh\u00e1ch trong th\u1eddi gian s\u1edbm nh\u1ea5t. \u0110\u1ecba ch\u1ec9: \u0110\u00f4ng Ph\u00fa &#8211; Ch\u00e2u Th\u00e0nh &#8211; H\u1eadu giangS\u1ed1 \u0111i\u1ec7n tho\u1ea1i: (+84)917899991 (+84)834569288Email: tuthanhsang1980@yahoo.com Ruoukhanghy2016@gmail.com\" \/>\n<meta property=\"og:url\" content=\"https:\/\/web.host247.vn\/web028\/lien-he\/\" \/>\n<meta property=\"og:site_name\" content=\"R\u01b0\u1ee3u Khang Hy\" \/>\n<meta property=\"article:modified_time\" content=\"2024-12-05T17:19:05+00:00\" \/>\n<meta name=\"twitter:card\" content=\"summary_large_image\" \/>\n<meta name=\"twitter:label1\" content=\"\u01af\u1edbc t\u00ednh th\u1eddi gian \u0111\u1ecdc\" \/>\n\t<meta name=\"twitter:data1\" content=\"1 ph\u00fat\" \/>\n<script type=\"application\/ld+json\" class=\"yoast-schema-graph\">{\"@context\":\"https:\/\/schema.org\",\"@graph\":[{\"@type\":\"WebPage\",\"@id\":\"https:\/\/web.host247.vn\/web028\/lien-he\/\",\"url\":\"https:\/\/web.host247.vn\/web028\/lien-he\/\",\"name\":\"Li\u00ean h\u1ec7 - R\u01b0\u1ee3u Khang Hy\",\"isPartOf\":{\"@id\":\"https:\/\/web.host247.vn\/web028\/#website\"},\"datePublished\":\"2024-12-01T17:51:25+00:00\",\"dateModified\":\"2024-12-05T17:19:05+00:00\",\"breadcrumb\":{\"@id\":\"https:\/\/web.host247.vn\/web028\/lien-he\/#breadcrumb\"},\"inLanguage\":\"vi\",\"potentialAction\":[{\"@type\":\"ReadAction\",\"target\":[\"https:\/\/web.host247.vn\/web028\/lien-he\/\"]}]},{\"@type\":\"BreadcrumbList\",\"@id\":\"https:\/\/web.host247.vn\/web028\/lien-he\/#breadcrumb\",\"itemListElement\":[{\"@type\":\"ListItem\",\"position\":1,\"name\":\"Home\",\"item\":\"https:\/\/web.host247.vn\/web028\/\"},{\"@type\":\"ListItem\",\"position\":2,\"name\":\"Li\u00ean h\u1ec7\"}]},{\"@type\":\"WebSite\",\"@id\":\"https:\/\/web.host247.vn\/web028\/#website\",\"url\":\"https:\/\/web.host247.vn\/web028\/\",\"name\":\"R\u01b0\u1ee3u Khang Hy\",\"description\":\"\",\"publisher\":{\"@id\":\"https:\/\/web.host247.vn\/web028\/#organization\"},\"potentialAction\":[{\"@type\":\"SearchAction\",\"target\":{\"@type\":\"EntryPoint\",\"urlTemplate\":\"https:\/\/web.host247.vn\/web028\/?s={search_term_string}\"},\"query-input\":{\"@type\":\"PropertyValueSpecification\",\"valueRequired\":true,\"valueName\":\"search_term_string\"}}],\"inLanguage\":\"vi\"},{\"@type\":\"Organization\",\"@id\":\"https:\/\/web.host247.vn\/web028\/#organization\",\"name\":\"R\u01b0\u1ee3u Khang Hy\",\"url\":\"https:\/\/web.host247.vn\/web028\/\",\"logo\":{\"@type\":\"ImageObject\",\"inLanguage\":\"vi\",\"@id\":\"https:\/\/web.host247.vn\/web028\/#\/schema\/logo\/image\/\",\"url\":\"https:\/\/web.host247.vn\/web028\/wp-content\/uploads\/2024\/12\/logo-ruoukhanghy.png\",\"contentUrl\":\"https:\/\/web.host247.vn\/web028\/wp-content\/uploads\/2024\/12\/logo-ruoukhanghy.png\",\"width\":300,\"height\":100,\"caption\":\"R\u01b0\u1ee3u Khang Hy\"},\"image\":{\"@id\":\"https:\/\/web.host247.vn\/web028\/#\/schema\/logo\/image\/\"}}]}<\/script>\n<!-- \/ Yoast SEO plugin. -->","yoast_head_json":{"title":"Li\u00ean h\u1ec7 - R\u01b0\u1ee3u Khang Hy","robots":{"index":"index","follow":"follow","max-snippet":"max-snippet:-1","max-image-preview":"max-image-preview:large","max-video-preview":"max-video-preview:-1"},"canonical":"https:\/\/web.host247.vn\/web028\/lien-he\/","og_locale":"vi_VN","og_type":"article","og_title":"Li\u00ean h\u1ec7 - R\u01b0\u1ee3u Khang Hy","og_description":"Li\u00ean h\u1ec7 C\u1ea3m \u01a1n Qu\u00fd kh\u00e1ch \u0111\u00e3 gh\u00e9 th\u0103m R\u01b0\u1ee3u Khang Hy.\u00a0 Ch\u00fang t\u00f4i r\u1ea5t mong nh\u1eadn \u0111\u01b0\u1ee3c \u00fd ki\u1ebfn, c\u00e2u h\u1ecfi c\u1ee7a Qu\u00fd kh\u00e1ch. Ch\u00fang t\u00f4i s\u1ebd tr\u1ea3 l\u1eddi Qu\u00fd kh\u00e1ch trong th\u1eddi gian s\u1edbm nh\u1ea5t. \u0110\u1ecba ch\u1ec9: \u0110\u00f4ng Ph\u00fa &#8211; Ch\u00e2u Th\u00e0nh &#8211; H\u1eadu giangS\u1ed1 \u0111i\u1ec7n tho\u1ea1i: (+84)917899991 (+84)834569288Email: tuthanhsang1980@yahoo.com Ruoukhanghy2016@gmail.com","og_url":"https:\/\/web.host247.vn\/web028\/lien-he\/","og_site_name":"R\u01b0\u1ee3u Khang Hy","article_modified_time":"2024-12-05T17:19:05+00:00","twitter_card":"summary_large_image","twitter_misc":{"\u01af\u1edbc t\u00ednh th\u1eddi gian \u0111\u1ecdc":"1 ph\u00fat"},"schema":{"@context":"https:\/\/schema.org","@graph":[{"@type":"WebPage","@id":"https:\/\/web.host247.vn\/web028\/lien-he\/","url":"https:\/\/web.host247.vn\/web028\/lien-he\/","name":"Li\u00ean h\u1ec7 - R\u01b0\u1ee3u Khang Hy","isPartOf":{"@id":"https:\/\/web.host247.vn\/web028\/#website"},"datePublished":"2024-12-01T17:51:25+00:00","dateModified":"2024-12-05T17:19:05+00:00","breadcrumb":{"@id":"https:\/\/web.host247.vn\/web028\/lien-he\/#breadcrumb"},"inLanguage":"vi","potentialAction":[{"@type":"ReadAction","target":["https:\/\/web.host247.vn\/web028\/lien-he\/"]}]},{"@type":"BreadcrumbList","@id":"https:\/\/web.host247.vn\/web028\/lien-he\/#breadcrumb","itemListElement":[{"@type":"ListItem","position":1,"name":"Home","item":"https:\/\/web.host247.vn\/web028\/"},{"@type":"ListItem","position":2,"name":"Li\u00ean h\u1ec7"}]},{"@type":"WebSite","@id":"https:\/\/web.host247.vn\/web028\/#website","url":"https:\/\/web.host247.vn\/web028\/","name":"R\u01b0\u1ee3u Khang Hy","description":"","publisher":{"@id":"https:\/\/web.host247.vn\/web028\/#organization"},"potentialAction":[{"@type":"SearchAction","target":{"@type":"EntryPoint","urlTemplate":"https:\/\/web.host247.vn\/web028\/?s={search_term_string}"},"query-input":{"@type":"PropertyValueSpecification","valueRequired":true,"valueName":"search_term_string"}}],"inLanguage":"vi"},{"@type":"Organization","@id":"https:\/\/web.host247.vn\/web028\/#organization","name":"R\u01b0\u1ee3u Khang Hy","url":"https:\/\/web.host247.vn\/web028\/","logo":{"@type":"ImageObject","inLanguage":"vi","@id":"https:\/\/web.host247.vn\/web028\/#\/schema\/logo\/image\/","url":"https:\/\/web.host247.vn\/web028\/wp-content\/uploads\/2024\/12\/logo-ruoukhanghy.png","contentUrl":"https:\/\/web.host247.vn\/web028\/wp-content\/uploads\/2024\/12\/logo-ruoukhanghy.png","width":300,"height":100,"caption":"R\u01b0\u1ee3u Khang Hy"},"image":{"@id":"https:\/\/web.host247.vn\/web028\/#\/schema\/logo\/image\/"}}]}},"_links":{"self":[{"href":"https:\/\/web.host247.vn\/web028\/wp-json\/wp\/v2\/pages\/2","targetHints":{"allow":["GET"]}}],"collection":[{"href":"https:\/\/web.host247.vn\/web028\/wp-json\/wp\/v2\/pages"}],"about":[{"href":"https:\/\/web.host247.vn\/web028\/wp-json\/wp\/v2\/types\/page"}],"author":[{"embeddable":true,"href":"https:\/\/web.host247.vn\/web028\/wp-json\/wp\/v2\/users\/1"}],"replies":[{"embeddable":true,"href":"https:\/\/web.host247.vn\/web028\/wp-json\/wp\/v2\/comments?post=2"}],"version-history":[{"count":15,"href":"https:\/\/web.host247.vn\/web028\/wp-json\/wp\/v2\/pages\/2\/revisions"}],"predecessor-version":[{"id":63,"href":"https:\/\/web.host247.vn\/web028\/wp-json\/wp\/v2\/pages\/2\/revisions\/63"}],"wp:attachment":[{"href":"https:\/\/web.host247.vn\/web028\/wp-json\/wp\/v2\/media?parent=2"}],"curies":[{"name":"wp","href":"https:\/\/api.w.org\/{rel}","templated":true}]}}