{"id":13,"date":"2024-12-01T18:07:20","date_gmt":"2024-12-01T18:07:20","guid":{"rendered":"https:\/\/web.host247.vn\/web028\/index.php\/wishlist\/"},"modified":"2024-12-05T16:37:49","modified_gmt":"2024-12-05T16:37:49","slug":"ua-thich","status":"publish","type":"page","link":"https:\/\/web.host247.vn\/web028\/ua-thich\/","title":{"rendered":"\u01afa th\u00edch"},"content":{"rendered":"\n\n\n\n<form\n\tid=\"yith-wcwl-form\"\n\taction=\"https:\/\/web.host247.vn\/web028\/ua-thich\/\"\n\tmethod=\"post\"\n\tclass=\"woocommerce yith-wcwl-form wishlist-fragment\"\n\tdata-fragment-options=\"{&quot;per_page&quot;:5,&quot;current_page&quot;:1,&quot;pagination&quot;:&quot;no&quot;,&quot;wishlist_id&quot;:false,&quot;action_params&quot;:false,&quot;no_interactions&quot;:false,&quot;layout&quot;:&quot;&quot;,&quot;wishlist&quot;:false,&quot;is_default&quot;:true,&quot;is_custom_list&quot;:false,&quot;wishlist_token&quot;:&quot;&quot;,&quot;is_private&quot;:false,&quot;count&quot;:0,&quot;page_title&quot;:&quot;My wishlist&quot;,&quot;default_wishlsit_title&quot;:&quot;My wishlist&quot;,&quot;page_links&quot;:false,&quot;is_user_logged_in&quot;:false,&quot;is_user_owner&quot;:true,&quot;can_user_edit_title&quot;:false,&quot;show_price&quot;:true,&quot;show_dateadded&quot;:false,&quot;show_stock_status&quot;:true,&quot;show_add_to_cart&quot;:true,&quot;show_remove_product&quot;:true,&quot;add_to_cart_text&quot;:&quot;Add to cart&quot;,&quot;show_ask_estimate_button&quot;:false,&quot;ask_estimate_url&quot;:&quot;&quot;,&quot;price_excl_tax&quot;:true,&quot;show_cb&quot;:false,&quot;show_quantity&quot;:false,&quot;show_variation&quot;:false,&quot;show_price_variations&quot;:false,&quot;show_update&quot;:false,&quot;enable_drag_n_drop&quot;:false,&quot;enable_add_all_to_cart&quot;:false,&quot;move_to_another_wishlist&quot;:false,&quot;repeat_remove_button&quot;:false,&quot;show_last_column&quot;:true,&quot;heading_icon&quot;:&quot;&lt;i class=\\&quot;fa heart-outline\\&quot;&gt;&lt;\\\/i&gt;&quot;,&quot;share_enabled&quot;:false,&quot;template_part&quot;:&quot;view&quot;,&quot;additional_info&quot;:false,&quot;available_multi_wishlist&quot;:false,&quot;form_action&quot;:&quot;https:\\\/\\\/web.host247.vn\\\/web028\\\/ua-thich\\\/&quot;,&quot;item&quot;:&quot;wishlist&quot;}\"\n>\n\n\t<!-- TITLE -->\n\t\t\t<div class=\"wishlist-title-container\">\n\t\t\t<div class=\"wishlist-title \">\n\t\t\t\t<h2>My wishlist<\/h2>\t\t\t\t\t\t\t<\/div>\n\t\t\t\t\t<\/div>\n\t\n\n<!-- WISHLIST TABLE -->\n<table\n\tclass=\"shop_table cart wishlist_table wishlist_view traditional responsive   \"\n\tdata-pagination=\"no\" data-per-page=\"5\" data-page=\"1\"\n\tdata-id=\"\" data-token=\"\">\n\n\t\n\t<thead>\n\t<tr>\n\t\t\n\t\t\t\t\t\t\t\t<th class=\"product-remove\">\n\t\t\t\t<span class=\"nobr\">\n\t\t\t\t\t\t\t\t\t<\/span>\n\t\t\t<\/th>\n\t\t\n\t\t<th class=\"product-thumbnail\"><\/th>\n\n\t\t<th class=\"product-name\">\n\t\t\t<span class=\"nobr\">\n\t\t\t\tT\u00ean s\u1ea3n ph\u1ea9m\t\t\t<\/span>\n\t\t<\/th>\n\n\t\t\t\t\t\t\t\t<th class=\"product-price\">\n\t\t\t\t<span class=\"nobr\">\n\t\t\t\t\t\u0110\u01a1n gi\u00e1\t\t\t\t<\/span>\n\t\t\t<\/th>\n\t\t\n\t\t\n\t\t\t\t\t\t\t\t<th class=\"product-stock-status\">\n\t\t\t\t<span class=\"nobr\">\n\t\t\t\t\tTrong kho\t\t\t\t<\/span>\n\t\t\t<\/th>\n\t\t\n\t\t\t\t\t\t\t\t<th class=\"product-add-to-cart\">\n\t\t\t\t<span class=\"nobr\">\n\t\t\t\t\t\t\t\t\t<\/span>\n\t\t\t<\/th>\n\t\t\n\t\t\t<\/tr>\n\t<\/thead>\n\n\t<tbody class=\"wishlist-items-wrapper\">\n\t\t\t<tr>\n\t\t\t\t\t\t<td colspan=\"6\" class=\"wishlist-empty\">Kh\u00f4ng c\u00f3 s\u1ea3n ph\u1ea9m n\u00e0o \u0111\u01b0\u1ee3c th\u00eam v\u00e0o danh s\u00e1ch \u01b0a th\u00edch<\/td>\n\t\t<\/tr>\n\t\t\t<\/tbody>\n\n<\/table>\n\n<div class=\"yith_wcwl_wishlist_footer\">\n\t\n\n\t\n\n\t\n\t<\/div>\n\n<input type=\"hidden\" id=\"yith_wcwl_edit_wishlist\" name=\"yith_wcwl_edit_wishlist\" value=\"164f83213e\" \/><input type=\"hidden\" name=\"_wp_http_referer\" value=\"\/web028\/wp-json\/wp\/v2\/pages\/13\" \/><input type=\"hidden\" value=\"\" name=\"wishlist_id\" id=\"wishlist_id\">\n\n\n<\/form>\n\n\n\n","protected":false},"excerpt":{"rendered":"","protected":false},"author":1,"featured_media":0,"parent":0,"menu_order":0,"comment_status":"closed","ping_status":"closed","template":"","meta":{"footnotes":""},"class_list":["post-13","page","type-page","status-publish","hentry"],"yoast_head":"<!-- This site is optimized with the Yoast SEO plugin v24.0 - https:\/\/yoast.com\/wordpress\/plugins\/seo\/ -->\n<title>\u01afa th\u00edch - R\u01b0\u1ee3u Khang Hy<\/title>\n<meta name=\"robots\" content=\"index, follow, max-snippet:-1, max-image-preview:large, max-video-preview:-1\" \/>\n<link rel=\"canonical\" href=\"https:\/\/web.host247.vn\/web028\/ua-thich\/\" \/>\n<meta property=\"og:locale\" content=\"vi_VN\" \/>\n<meta property=\"og:type\" content=\"article\" \/>\n<meta property=\"og:title\" content=\"\u01afa th\u00edch - R\u01b0\u1ee3u Khang Hy\" \/>\n<meta property=\"og:url\" content=\"https:\/\/web.host247.vn\/web028\/ua-thich\/\" \/>\n<meta property=\"og:site_name\" content=\"R\u01b0\u1ee3u Khang Hy\" \/>\n<meta property=\"article:modified_time\" content=\"2024-12-05T16:37:49+00:00\" \/>\n<meta name=\"twitter:card\" content=\"summary_large_image\" \/>\n<script type=\"application\/ld+json\" class=\"yoast-schema-graph\">{\"@context\":\"https:\/\/schema.org\",\"@graph\":[{\"@type\":\"WebPage\",\"@id\":\"https:\/\/web.host247.vn\/web028\/ua-thich\/\",\"url\":\"https:\/\/web.host247.vn\/web028\/ua-thich\/\",\"name\":\"\u01afa th\u00edch - R\u01b0\u1ee3u Khang Hy\",\"isPartOf\":{\"@id\":\"https:\/\/web.host247.vn\/web028\/#website\"},\"datePublished\":\"2024-12-01T18:07:20+00:00\",\"dateModified\":\"2024-12-05T16:37:49+00:00\",\"breadcrumb\":{\"@id\":\"https:\/\/web.host247.vn\/web028\/ua-thich\/#breadcrumb\"},\"inLanguage\":\"vi\",\"potentialAction\":[{\"@type\":\"ReadAction\",\"target\":[\"https:\/\/web.host247.vn\/web028\/ua-thich\/\"]}]},{\"@type\":\"BreadcrumbList\",\"@id\":\"https:\/\/web.host247.vn\/web028\/ua-thich\/#breadcrumb\",\"itemListElement\":[{\"@type\":\"ListItem\",\"position\":1,\"name\":\"Home\",\"item\":\"https:\/\/web.host247.vn\/web028\/\"},{\"@type\":\"ListItem\",\"position\":2,\"name\":\"\u01afa th\u00edch\"}]},{\"@type\":\"WebSite\",\"@id\":\"https:\/\/web.host247.vn\/web028\/#website\",\"url\":\"https:\/\/web.host247.vn\/web028\/\",\"name\":\"R\u01b0\u1ee3u Khang Hy\",\"description\":\"\",\"publisher\":{\"@id\":\"https:\/\/web.host247.vn\/web028\/#organization\"},\"potentialAction\":[{\"@type\":\"SearchAction\",\"target\":{\"@type\":\"EntryPoint\",\"urlTemplate\":\"https:\/\/web.host247.vn\/web028\/?s={search_term_string}\"},\"query-input\":{\"@type\":\"PropertyValueSpecification\",\"valueRequired\":true,\"valueName\":\"search_term_string\"}}],\"inLanguage\":\"vi\"},{\"@type\":\"Organization\",\"@id\":\"https:\/\/web.host247.vn\/web028\/#organization\",\"name\":\"R\u01b0\u1ee3u Khang Hy\",\"url\":\"https:\/\/web.host247.vn\/web028\/\",\"logo\":{\"@type\":\"ImageObject\",\"inLanguage\":\"vi\",\"@id\":\"https:\/\/web.host247.vn\/web028\/#\/schema\/logo\/image\/\",\"url\":\"https:\/\/web.host247.vn\/web028\/wp-content\/uploads\/2024\/12\/logo-ruoukhanghy.png\",\"contentUrl\":\"https:\/\/web.host247.vn\/web028\/wp-content\/uploads\/2024\/12\/logo-ruoukhanghy.png\",\"width\":300,\"height\":100,\"caption\":\"R\u01b0\u1ee3u Khang Hy\"},\"image\":{\"@id\":\"https:\/\/web.host247.vn\/web028\/#\/schema\/logo\/image\/\"}}]}<\/script>\n<!-- \/ Yoast SEO plugin. -->","yoast_head_json":{"title":"\u01afa th\u00edch - R\u01b0\u1ee3u Khang Hy","robots":{"index":"index","follow":"follow","max-snippet":"max-snippet:-1","max-image-preview":"max-image-preview:large","max-video-preview":"max-video-preview:-1"},"canonical":"https:\/\/web.host247.vn\/web028\/ua-thich\/","og_locale":"vi_VN","og_type":"article","og_title":"\u01afa th\u00edch - R\u01b0\u1ee3u Khang Hy","og_url":"https:\/\/web.host247.vn\/web028\/ua-thich\/","og_site_name":"R\u01b0\u1ee3u Khang Hy","article_modified_time":"2024-12-05T16:37:49+00:00","twitter_card":"summary_large_image","schema":{"@context":"https:\/\/schema.org","@graph":[{"@type":"WebPage","@id":"https:\/\/web.host247.vn\/web028\/ua-thich\/","url":"https:\/\/web.host247.vn\/web028\/ua-thich\/","name":"\u01afa th\u00edch - R\u01b0\u1ee3u Khang Hy","isPartOf":{"@id":"https:\/\/web.host247.vn\/web028\/#website"},"datePublished":"2024-12-01T18:07:20+00:00","dateModified":"2024-12-05T16:37:49+00:00","breadcrumb":{"@id":"https:\/\/web.host247.vn\/web028\/ua-thich\/#breadcrumb"},"inLanguage":"vi","potentialAction":[{"@type":"ReadAction","target":["https:\/\/web.host247.vn\/web028\/ua-thich\/"]}]},{"@type":"BreadcrumbList","@id":"https:\/\/web.host247.vn\/web028\/ua-thich\/#breadcrumb","itemListElement":[{"@type":"ListItem","position":1,"name":"Home","item":"https:\/\/web.host247.vn\/web028\/"},{"@type":"ListItem","position":2,"name":"\u01afa th\u00edch"}]},{"@type":"WebSite","@id":"https:\/\/web.host247.vn\/web028\/#website","url":"https:\/\/web.host247.vn\/web028\/","name":"R\u01b0\u1ee3u Khang Hy","description":"","publisher":{"@id":"https:\/\/web.host247.vn\/web028\/#organization"},"potentialAction":[{"@type":"SearchAction","target":{"@type":"EntryPoint","urlTemplate":"https:\/\/web.host247.vn\/web028\/?s={search_term_string}"},"query-input":{"@type":"PropertyValueSpecification","valueRequired":true,"valueName":"search_term_string"}}],"inLanguage":"vi"},{"@type":"Organization","@id":"https:\/\/web.host247.vn\/web028\/#organization","name":"R\u01b0\u1ee3u Khang Hy","url":"https:\/\/web.host247.vn\/web028\/","logo":{"@type":"ImageObject","inLanguage":"vi","@id":"https:\/\/web.host247.vn\/web028\/#\/schema\/logo\/image\/","url":"https:\/\/web.host247.vn\/web028\/wp-content\/uploads\/2024\/12\/logo-ruoukhanghy.png","contentUrl":"https:\/\/web.host247.vn\/web028\/wp-content\/uploads\/2024\/12\/logo-ruoukhanghy.png","width":300,"height":100,"caption":"R\u01b0\u1ee3u Khang Hy"},"image":{"@id":"https:\/\/web.host247.vn\/web028\/#\/schema\/logo\/image\/"}}]}},"_links":{"self":[{"href":"https:\/\/web.host247.vn\/web028\/wp-json\/wp\/v2\/pages\/13","targetHints":{"allow":["GET"]}}],"collection":[{"href":"https:\/\/web.host247.vn\/web028\/wp-json\/wp\/v2\/pages"}],"about":[{"href":"https:\/\/web.host247.vn\/web028\/wp-json\/wp\/v2\/types\/page"}],"author":[{"embeddable":true,"href":"https:\/\/web.host247.vn\/web028\/wp-json\/wp\/v2\/users\/1"}],"replies":[{"embeddable":true,"href":"https:\/\/web.host247.vn\/web028\/wp-json\/wp\/v2\/comments?post=13"}],"version-history":[{"count":1,"href":"https:\/\/web.host247.vn\/web028\/wp-json\/wp\/v2\/pages\/13\/revisions"}],"predecessor-version":[{"id":48,"href":"https:\/\/web.host247.vn\/web028\/wp-json\/wp\/v2\/pages\/13\/revisions\/48"}],"wp:attachment":[{"href":"https:\/\/web.host247.vn\/web028\/wp-json\/wp\/v2\/media?parent=13"}],"curies":[{"name":"wp","href":"https:\/\/api.w.org\/{rel}","templated":true}]}}