{"id":403,"date":"2024-11-17T23:06:21","date_gmt":"2024-11-17T16:06:21","guid":{"rendered":"https:\/\/web.host247.vn\/web027\/?post_type=product&#038;p=403"},"modified":"2024-11-17T23:06:21","modified_gmt":"2024-11-17T16:06:21","slug":"noi-com-dien-sukai-sk-999","status":"publish","type":"product","link":"https:\/\/web.host247.vn\/web027\/san-pham\/noi-com-dien-sukai-sk-999\/","title":{"rendered":"N\u1ed3i c\u01a1m \u0111i\u1ec7n SUKAI SK-999"},"content":{"rendered":"<p>C\u00d4NG NGH\u1ec6 \u1ee6 3D H\u00c0NG \u0110\u1ea6U NH\u1eacT B\u1ea2N<br \/>\nPH\u1ee6 MEN CH\u1ed0NG D\u00cdNH CERAMIC KH\u00c1NG KHU\u1ea8N<br \/>\nGI\u00daP N\u1ea4U C\u01a0M CH\u00cdN TH\u1ea8U, D\u1ebaO, GI\u1eee NGUY\u00caN DINH D\u01af\u1ee0NG<br \/>\nTH\u1edcI GIAN GI\u1eee \u1ea4M 24H<br \/>\nL\u00d2NG NH\u00d4M NGUY\u00caN KH\u1ed0I 700 GAM<\/p>\n<p>B\u1ea2O H\u00c0NH: 24 TH\u00c1NG<br \/>\nT\u00ccNH TR\u1ea0NG: c\u00f2n h\u00e0ng<br \/>\nTHI\u1ebeT K\u1ebe: TR\u1eba TRUNG, MANG L\u1ea0I V\u1eba \u0110\u1eb8P \u1ea4M C\u00daNG CHO KH\u00d4NG GI\u00c2N B\u1ebeP NH\u00c0 B\u1ea0N<br \/>\nC\u00d4NG NGH\u1ec6: C\u00d4NG NGH\u1ec6 \u1ee6 \u1ea4M 3D CHU\u1ea8N NH\u1eacT B\u1ea2N<br \/>\nT\u00cdNH N\u0102NG: N\u1ea4U C\u01a0M CH\u00cdN TH\u1ea4U, GI\u00daP CHO H\u1ea0T C\u01a0M D\u1ebaO, NH\u1eeeNG V\u1eaaN GI\u1eee NGUY\u00caN \u0110\u01af\u1ee2C CH\u1ea4T DINH D\u01af\u1ee0NG<\/p>\n","protected":false},"excerpt":{"rendered":"<p>C\u00d4NG NGH\u1ec6 \u1ee6 3D H\u00c0NG \u0110\u1ea6U NH\u1eacT B\u1ea2N<br \/>\nPH\u1ee6 MEN CH\u1ed0NG D\u00cdNH CERAMIC KH\u00c1NG KHU\u1ea8N<\/p>\n","protected":false},"featured_media":404,"comment_status":"open","ping_status":"closed","template":"","meta":[],"product_cat":[28],"product_tag":[],"class_list":{"0":"post-403","1":"product","2":"type-product","3":"status-publish","4":"has-post-thumbnail","6":"product_cat-noi-com-dien-tu","7":"product_brand-sukai","9":"first","10":"instock","11":"sale","12":"shipping-taxable","13":"purchasable","14":"product-type-simple","15":"fm-hide-badges"},"_links":{"self":[{"href":"https:\/\/web.host247.vn\/web027\/wp-json\/wp\/v2\/product\/403","targetHints":{"allow":["GET"]}}],"collection":[{"href":"https:\/\/web.host247.vn\/web027\/wp-json\/wp\/v2\/product"}],"about":[{"href":"https:\/\/web.host247.vn\/web027\/wp-json\/wp\/v2\/types\/product"}],"replies":[{"embeddable":true,"href":"https:\/\/web.host247.vn\/web027\/wp-json\/wp\/v2\/comments?post=403"}],"wp:featuredmedia":[{"embeddable":true,"href":"https:\/\/web.host247.vn\/web027\/wp-json\/wp\/v2\/media\/404"}],"wp:attachment":[{"href":"https:\/\/web.host247.vn\/web027\/wp-json\/wp\/v2\/media?parent=403"}],"wp:term":[{"taxonomy":"product_cat","embeddable":true,"href":"https:\/\/web.host247.vn\/web027\/wp-json\/wp\/v2\/product_cat?post=403"},{"taxonomy":"product_tag","embeddable":true,"href":"https:\/\/web.host247.vn\/web027\/wp-json\/wp\/v2\/product_tag?post=403"}],"curies":[{"name":"wp","href":"https:\/\/api.w.org\/{rel}","templated":true}]}}