{"id":384,"date":"2024-11-17T22:34:23","date_gmt":"2024-11-17T15:34:23","guid":{"rendered":"https:\/\/web.host247.vn\/web027\/?post_type=product&#038;p=384"},"modified":"2024-11-17T22:35:27","modified_gmt":"2024-11-17T15:35:27","slug":"bep-dien-tu-sukai-ih-6686","status":"publish","type":"product","link":"https:\/\/web.host247.vn\/web027\/san-pham\/bep-dien-tu-sukai-ih-6686\/","title":{"rendered":"B\u1ebfp \u0111i\u1ec7n t\u1eeb SUKAI IH-6686"},"content":{"rendered":"<h4 dir=\"ltr\"><strong>\u0110\u1eb6C \u0110I\u1ec2M S\u1ea2N PH\u1ea8M<\/strong><\/h4>\n<p dir=\"ltr\">\u2611\ufe0f\u00a0 V\u1edbi thi\u1ebft k\u1ebf sang tr\u1ecdng v\u1edbi m\u00e0u \u0111en, ghi truy\u1ec1n th\u1ed1ng, b\u1ebfp t\u1eeb SUKAI &#8211; IH-6686 v\u1edbi 8 ch\u1ee9c n\u0103ng n\u1ea5u hi\u1ec7n \u0111\u1ea1i, hi\u1ec3n th\u1ecb m\u00e0n h\u00ecnh LED, d\u1ec5 s\u1eed d\u1ee5ng mang \u0111\u1ebfn s\u1ef1 ti\u1ec7n nghi cho kh\u00f4ng gian b\u1ebfp gia \u0111\u00ecnh b\u1ea1n.<\/p>\n<p dir=\"ltr\">\u2611\ufe0f\u00a0 B\u1ebfp t\u1eeb SUKAI &#8211; IH-6686 s\u1edf h\u1eefu cu\u1ed9n c\u1ea3m t\u1eeb cao c\u1ea5p, c\u00f9ng v\u1edbi \u0111\u00f3 l\u00e0 c\u00f4ng su\u1ea5t c\u1ef1c kh\u1ee7ng 3500W, gi\u00fap vi\u1ec7c n\u1ea5u \u0103n tr\u1edf n\u00ean nhanh ch\u00f3ng, thu\u1eadn ti\u1ec7n v\u00e0 ti\u1ebft ki\u1ec7m th\u1eddi gian h\u01a1n.<\/p>\n<p dir=\"ltr\">\u2611\ufe0f\u00a0 B\u1ea3ng ch\u1ee9c n\u0103ng n\u1ea5u c\u1ee7a b\u1ebfp t\u1eeb SUKAI &#8211; IH-6686 \u0111\u01b0\u1ee3c thi\u1ebft k\u1ebf c\u1ea3m \u1ee9ng d\u1ec5 s\u1eed d\u1ee5ng, k\u1ebft h\u1ee3p v\u1edbi ch\u1ebf \u0111\u1ed9\u00a0 h\u1eb9n gi\u1edd n\u1ea5u, gi\u00fap ng\u01b0\u1eddi s\u1eed d\u1ee5ng ti\u1ebft ki\u1ec7m th\u1eddi gian m\u00e0 v\u1eabn c\u00f3 th\u1ec3 y\u00ean t\u00e2m kh\u00f4ng lo s\u1ef1 c\u1ed1 khi n\u1ea5u n\u01b0\u1edbng.<\/p>\n<h4 dir=\"ltr\"><strong>TH\u00d4NG TIN S\u1ea2N PH\u1ea8M<\/strong><\/h4>\n<p dir=\"ltr\">\u2705\u00a0 C\u00f4ng su\u1ea5t: 3500W.<br \/>\n\u2705\u00a0 \u0110i\u1ec7n \u00e1p: 220V-50Hz.<br \/>\n\u2705\u00a0 B\u1ea3ng \u0111i\u1ec1u khi\u1ec3n: C\u1ea3m \u1ee9ng.<br \/>\n\u2705\u00a0 8 Ch\u01b0\u01a1ng Tr\u00ecnh C\u00e0i \u0110\u1eb7t S\u1eb5n<br \/>\n\u2705\u00a0 Ch\u1ea5t li\u1ec7u m\u1eb7t b\u1ebfp: Ceramic cao c\u1ea5p.<br \/>\n\u2705\u00a0 Ch\u1ee9c n\u0103ng n\u1ea5u: \u0110a ch\u1ee9c n\u0103ng.<br \/>\n\u2705\u00a0 H\u1eb9n gi\u1edd: C\u00f3.<br \/>\n\u2705 K\u00edch Th\u01b0\u1edbc Box size: 36cm x 12.5cm x 46.5cm.<br \/>\n\u2705\u00a0 Tr\u1ecdng L\u01b0\u1ee3ng S\u1ea3n Ph\u1ea9m: 3.2 Kg<br \/>\n\u2705\u00a0 Tr\u1ecdng L\u01b0\u1ee3ng Box size: 3.6 Kg<\/p>\n","protected":false},"excerpt":{"rendered":"<p>B\u1ebeP \u0110I\u1ec6N T\u1eea C\u00d4NG SU\u1ea4T L\u1edaN 3500W<\/p>\n","protected":false},"featured_media":385,"comment_status":"open","ping_status":"closed","template":"","meta":[],"product_cat":[36],"product_tag":[],"class_list":{"0":"post-384","1":"product","2":"type-product","3":"status-publish","4":"has-post-thumbnail","6":"product_cat-bep-tu-don","7":"product_brand-sukai","9":"first","10":"instock","11":"sale","12":"shipping-taxable","13":"purchasable","14":"product-type-simple","15":"fm-hide-badges"},"_links":{"self":[{"href":"https:\/\/web.host247.vn\/web027\/wp-json\/wp\/v2\/product\/384","targetHints":{"allow":["GET"]}}],"collection":[{"href":"https:\/\/web.host247.vn\/web027\/wp-json\/wp\/v2\/product"}],"about":[{"href":"https:\/\/web.host247.vn\/web027\/wp-json\/wp\/v2\/types\/product"}],"replies":[{"embeddable":true,"href":"https:\/\/web.host247.vn\/web027\/wp-json\/wp\/v2\/comments?post=384"}],"wp:featuredmedia":[{"embeddable":true,"href":"https:\/\/web.host247.vn\/web027\/wp-json\/wp\/v2\/media\/385"}],"wp:attachment":[{"href":"https:\/\/web.host247.vn\/web027\/wp-json\/wp\/v2\/media?parent=384"}],"wp:term":[{"taxonomy":"product_cat","embeddable":true,"href":"https:\/\/web.host247.vn\/web027\/wp-json\/wp\/v2\/product_cat?post=384"},{"taxonomy":"product_tag","embeddable":true,"href":"https:\/\/web.host247.vn\/web027\/wp-json\/wp\/v2\/product_tag?post=384"}],"curies":[{"name":"wp","href":"https:\/\/api.w.org\/{rel}","templated":true}]}}