{"id":249,"date":"2024-11-10T17:18:06","date_gmt":"2024-11-10T17:18:06","guid":{"rendered":"https:\/\/web.host247.vn\/web027\/?post_type=product&#038;p=249"},"modified":"2024-11-10T17:18:06","modified_gmt":"2024-11-10T17:18:06","slug":"den-suoi-nha-tam-2-bong","status":"publish","type":"product","link":"https:\/\/web.host247.vn\/web027\/san-pham\/den-suoi-nha-tam-2-bong\/","title":{"rendered":"\u0110\u00e8n s\u01b0\u1edfi nh\u00e0 t\u1eafm 2 b\u00f3ng"},"content":{"rendered":"<p>\u0110\u00e8n s\u01b0\u1edfi nh\u00e0 t\u1eafm 2 b\u00f3ng<\/p>\n","protected":false},"excerpt":{"rendered":"<p>\u0110\u00e8n s\u01b0\u1edfi nh\u00e0 t\u1eafm 2 b\u00f3ng<\/p>\n","protected":false},"featured_media":250,"comment_status":"open","ping_status":"closed","template":"","meta":[],"product_cat":[54],"product_tag":[],"class_list":{"0":"post-249","1":"product","2":"type-product","3":"status-publish","4":"has-post-thumbnail","6":"product_cat-den-suoi-nha-tam","8":"first","9":"instock","10":"sale","11":"shipping-taxable","12":"purchasable","13":"product-type-simple","14":"fm-hide-badges"},"_links":{"self":[{"href":"https:\/\/web.host247.vn\/web027\/wp-json\/wp\/v2\/product\/249","targetHints":{"allow":["GET"]}}],"collection":[{"href":"https:\/\/web.host247.vn\/web027\/wp-json\/wp\/v2\/product"}],"about":[{"href":"https:\/\/web.host247.vn\/web027\/wp-json\/wp\/v2\/types\/product"}],"replies":[{"embeddable":true,"href":"https:\/\/web.host247.vn\/web027\/wp-json\/wp\/v2\/comments?post=249"}],"wp:featuredmedia":[{"embeddable":true,"href":"https:\/\/web.host247.vn\/web027\/wp-json\/wp\/v2\/media\/250"}],"wp:attachment":[{"href":"https:\/\/web.host247.vn\/web027\/wp-json\/wp\/v2\/media?parent=249"}],"wp:term":[{"taxonomy":"product_cat","embeddable":true,"href":"https:\/\/web.host247.vn\/web027\/wp-json\/wp\/v2\/product_cat?post=249"},{"taxonomy":"product_tag","embeddable":true,"href":"https:\/\/web.host247.vn\/web027\/wp-json\/wp\/v2\/product_tag?post=249"}],"curies":[{"name":"wp","href":"https:\/\/api.w.org\/{rel}","templated":true}]}}