{"id":256,"date":"2024-11-10T17:45:29","date_gmt":"2024-11-10T17:45:29","guid":{"rendered":"https:\/\/web.host247.vn\/web027\/?page_id=256"},"modified":"2024-11-10T17:45:29","modified_gmt":"2024-11-10T17:45:29","slug":"chinh-sach-ho-tro-bao-hanh","status":"publish","type":"page","link":"https:\/\/web.host247.vn\/web027\/chinh-sach-ho-tro-bao-hanh\/","title":{"rendered":"Ch\u00ednh s\u00e1ch h\u1ed7 tr\u1ee3 &#038; b\u1ea3o h\u00e0nh"},"content":{"rendered":"<p><strong>1. \u0110i\u1ec1u ki\u1ec7n b\u1ea3o h\u00e0nh<\/strong><\/p>\n<p>S\u1ea3n ph\u1ea9m \u0111\u01b0\u1ee3c b\u1ea3o h\u00e0nh khi \u0111\u00e1p \u1ee9ng c\u00e1c \u0111i\u1ec1u ki\u1ec7n d\u01b0\u1edbi \u0111\u00e2y:<\/p>\n<ul>\n<li>S\u1ea3n ph\u1ea9m c\u00f2n trong th\u1eddi gian b\u1ea3o h\u00e0nh theo c\u00e1c qui \u0111\u1ecbnh v\u1ec1 th\u1eddi h\u1ea1n b\u1ea3o h\u00e0nh.<\/li>\n<li>S\u1ea3n ph\u1ea9m kh\u00f4ng thu\u1ed9c nh\u00f3m ngo\u00e0i ph\u1ea1m vi b\u1ea3o h\u00e0nh qui \u0111\u1ecbnh.<\/li>\n<li>S\u1ea3n ph\u1ea9m g\u1eb7p tr\u1ee5c tr\u1eb7c k\u1ef9 thu\u1eadt do l\u1ed7i c\u1ee7a Nh\u00e0 s\u1ea3n xu\u1ea5t.<\/li>\n<\/ul>\n<p><strong>2. Th\u1eddi h\u1ea1n b\u1ea3o h\u00e0nh<\/strong><\/p>\n<p>C\u00e1c s\u1ea3n ph\u1ea9m SUKAI \u0111\u01b0\u1ee3c b\u1ea3o h\u00e0nh 24 th\u00e1ng k\u1ec3 t\u1eeb ng\u00e0y mua h\u00e0ng c\u0103n c\u1ee9 theo h\u00f3a \u0111\u01a1n t\u00e0i ch\u00ednh ho\u1eb7c ng\u00e0y \u0111\u0103ng k\u00fd b\u1ea3o h\u00e0nh \u0111i\u1ec7n t\u1eed th\u00e0nh c\u00f4ng tr\u00ean h\u1ec7 th\u1ed1ng BH\u0110T, v\u00e0 kh\u00f4ng v\u01b0\u1ee3t qu\u00e1 36 th\u00e1ng t\u00ednh t\u1eeb ng\u00e0y s\u1ea3n xu\u1ea5t theo tem Seri tr\u00ean s\u1ea3n ph\u1ea9m t\u00f9y theo \u0111i\u1ec1u ki\u1ec7n n\u00e0o \u0111\u1ebfn tr\u01b0\u1edbc.<\/p>\n<p>Th\u1eddi gian b\u1ea3o h\u00e0nh:<\/p>\n<table border=\"1\" cellspacing=\"0\" cellpadding=\"0\">\n<tbody>\n<tr>\n<td><strong>STT<\/strong><\/td>\n<td><strong>S\u1ea2N PH\u1ea8M<\/strong><\/td>\n<td><strong>T\u00cdNH T\u1eea NG\u00c0Y MUA<\/strong><\/td>\n<td><strong>T\u00cdNH T\u1eea NG\u00c0Y S\u1ea2N XU\u1ea4T<\/strong><\/td>\n<td><strong>(*) B\u1ea2O H\u00c0NH T\u1ea0I NH\u00c0<\/strong><\/td>\n<\/tr>\n<tr>\n<td>1<\/td>\n<td>S\u1ea3n Ph\u1ea9m Gia D\u1ee5ng<\/td>\n<td>24 th\u00e1ng<\/td>\n<td>36 th\u00e1ng<\/td>\n<td>Kh\u00f4ng<\/td>\n<\/tr>\n<tr>\n<td>2<\/td>\n<td>B\u1ebfp \u0111i\u1ec7n \u0111\u00f4i<\/td>\n<td>24 th\u00e1ng<\/td>\n<td>36 th\u00e1ng<\/td>\n<td>C\u00f3<\/td>\n<\/tr>\n<tr>\n<td>3<\/td>\n<td>M\u00e1y h\u00fat m\u00f9i<\/td>\n<td>24 th\u00e1ng<\/td>\n<td>36 th\u00e1ng<\/td>\n<td>C\u00f3<\/td>\n<\/tr>\n<tr>\n<td>4<\/td>\n<td>m\u00e1y l\u1ecdc n\u01b0\u1edbc<\/td>\n<td>24 th\u00e1ng<\/td>\n<td>36 th\u00e1ng<\/td>\n<td>C\u00f3<\/td>\n<\/tr>\n<\/tbody>\n<\/table>\n<p><strong>3. Ngo\u00e0i ph\u1ea1m vi b\u1ea3o h\u00e0nh<\/strong><\/p>\n<p>S\u1ea3n ph\u1ea9m ngo\u00e0i ph\u1ea1m vi b\u1ea3o h\u00e0nh trong c\u00e1c tr\u01b0\u1eddng h\u1ee3p sau:<\/p>\n<ul>\n<li>S\u1ea3n ph\u1ea9m h\u1ebft h\u1ea1n b\u1ea3o h\u00e0nh ho\u1eb7c s\u1ed1 seri b\u1ecb m\u1ea5t, r\u00e1ch, c\u1ea1o x\u00f3a,&#8230;tr\u00ean thi\u1ebft b\u1ecb.<\/li>\n<li>S\u1ea3n ph\u1ea9m h\u01b0 h\u1ecfng do s\u1eed d\u1ee5ng cho m\u1ee5c \u0111\u00edch kinh doanh nh\u01b0 bu\u00f4n b\u00e1n, gi\u1eb7t \u1ee7i, nh\u00e0 h\u00e0ng, c\u00f4ng x\u01b0\u1edfng,..<\/li>\n<li>S\u1ea3n ph\u1ea9m b\u1ecb h\u01b0 h\u1ecfng do l\u1eafp \u0111\u1eb7t, s\u1eed d\u1ee5ng kh\u00f4ng \u0111\u00fang theo h\u01b0\u1edbng d\u1eabn c\u1ee7a Nh\u00e0 s\u1ea3n xu\u1ea5t; ho\u1eb7c do s\u1eed d\u1ee5ng kh\u00f4ng \u0111\u00fang \u0111i\u1ec7n \u00e1p, s\u1eed d\u1ee5ng ngu\u1ed3n n\u01b0\u1edbc b\u1ecb \u00f4 nhi\u1ec5m, d\u01a1 b\u1ea9n; ho\u1eb7c do b\u1ecb c\u00f4n tr\u00f9ng, \u0111\u1ed9ng v\u1eadt chui v\u00e0o&#8230;<\/li>\n<li>S\u1ea3n ph\u1ea9m h\u01b0 h\u1ecfng do thi\u00ean tai ho\u1eb7c tr\u01b0\u1eddng h\u1ee3p b\u1ea5t kh\u1ea3 kh\u00e1ng: h\u1ecfa ho\u1ea1n, l\u1ee5t b\u00e3o, s\u00e9t \u0111\u00e1nh, \u0111\u1ed9ng \u0111\u1ea5t,..C\u00e1c nguy\u00ean nh\u00e2n c\u01a1 h\u1ecdc, sinh h\u1ecdc, h\u00f3a h\u1ecdc kh\u00e1c trong qu\u00e1 tr\u00ecnh v\u1eadn chuy\u1ec3n v\u00e0 s\u1eed d\u1ee5ng.<\/li>\n<li>C\u00e1c linh ph\u1ee5 ki\u1ec7n k\u00e8m theo h\u01b0 h\u1ecfng do hao m\u00f2n, r\u00e1ch\/n\u1ee9t\/ b\u1ec3\/v\u1ee1\/\u1ed1\/d\u01a1 theo th\u1eddi gian nh\u01b0: d\u00e2y c\u00e1p, d\u00e2y n\u1ed1i, b\u1ed9 \u0111i\u1ec1u khi\u1ec3n, t\u00fai m\u00e1y h\u00fat b\u1ee5i, l\u1ecdc m\u00f9i, l\u01b0\u1ee1i dao, roan, nh\u00f4ng m\u00e1y, ly, c\u1ed1i xay, m\u1eb7t k\u00ednh b\u1ebfp&#8230;<\/li>\n<li>S\u1ea3n ph\u1ea9m do kh\u00e1ch h\u00e0ng t\u1ef1 \u00fd s\u1eeda ch\u1eefa ho\u1eb7c c\u00f3 s\u1ef1 can thi\u1ec7p b\u1edfi b\u00ean th\u1ee9 3 kh\u00f4ng thu\u1ed9c h\u1ec7 th\u1ed1ng b\u1ea3o h\u00e0nh \u1ee7y quy\u1ec1n c\u1ee7a SUKAI.<\/li>\n<\/ul>\n","protected":false},"excerpt":{"rendered":"<p>1. \u0110i\u1ec1u ki\u1ec7n b\u1ea3o h\u00e0nh S\u1ea3n ph\u1ea9m \u0111\u01b0\u1ee3c b\u1ea3o h\u00e0nh khi \u0111\u00e1p \u1ee9ng c\u00e1c \u0111i\u1ec1u ki\u1ec7n d\u01b0\u1edbi \u0111\u00e2y: S\u1ea3n ph\u1ea9m c\u00f2n trong th\u1eddi gian b\u1ea3o h\u00e0nh theo c\u00e1c qui \u0111\u1ecbnh v\u1ec1 th\u1eddi h\u1ea1n b\u1ea3o h\u00e0nh. S\u1ea3n ph\u1ea9m kh\u00f4ng thu\u1ed9c nh\u00f3m ngo\u00e0i ph\u1ea1m vi b\u1ea3o h\u00e0nh qui \u0111\u1ecbnh. S\u1ea3n ph\u1ea9m g\u1eb7p tr\u1ee5c tr\u1eb7c k\u1ef9 thu\u1eadt do [&hellip;]<\/p>\n","protected":false},"author":1,"featured_media":0,"parent":0,"menu_order":0,"comment_status":"closed","ping_status":"closed","template":"","meta":{"footnotes":""},"class_list":["post-256","page","type-page","status-publish","hentry"],"_links":{"self":[{"href":"https:\/\/web.host247.vn\/web027\/wp-json\/wp\/v2\/pages\/256","targetHints":{"allow":["GET"]}}],"collection":[{"href":"https:\/\/web.host247.vn\/web027\/wp-json\/wp\/v2\/pages"}],"about":[{"href":"https:\/\/web.host247.vn\/web027\/wp-json\/wp\/v2\/types\/page"}],"author":[{"embeddable":true,"href":"https:\/\/web.host247.vn\/web027\/wp-json\/wp\/v2\/users\/1"}],"replies":[{"embeddable":true,"href":"https:\/\/web.host247.vn\/web027\/wp-json\/wp\/v2\/comments?post=256"}],"version-history":[{"count":1,"href":"https:\/\/web.host247.vn\/web027\/wp-json\/wp\/v2\/pages\/256\/revisions"}],"predecessor-version":[{"id":257,"href":"https:\/\/web.host247.vn\/web027\/wp-json\/wp\/v2\/pages\/256\/revisions\/257"}],"wp:attachment":[{"href":"https:\/\/web.host247.vn\/web027\/wp-json\/wp\/v2\/media?parent=256"}],"curies":[{"name":"wp","href":"https:\/\/api.w.org\/{rel}","templated":true}]}}