{"id":223,"date":"2024-11-10T16:02:54","date_gmt":"2024-11-10T16:02:54","guid":{"rendered":"https:\/\/web.host247.vn\/web027\/?page_id=223"},"modified":"2024-11-18T01:58:58","modified_gmt":"2024-11-17T18:58:58","slug":"lien-he","status":"publish","type":"page","link":"https:\/\/web.host247.vn\/web027\/lien-he\/","title":{"rendered":"Li\u00ean h\u1ec7"},"content":{"rendered":"\t\t<div data-elementor-type=\"wp-page\" data-elementor-id=\"223\" class=\"elementor elementor-223\">\n\t\t\t\t\t\t<section class=\"elementor-section elementor-top-section elementor-element elementor-element-5a1c79f4 elementor-section-boxed elementor-section-height-default elementor-section-height-default\" data-id=\"5a1c79f4\" data-element_type=\"section\">\n\t\t\t\t\t\t<div class=\"elementor-container elementor-column-gap-default\">\n\t\t\t\t\t<div class=\"elementor-column elementor-col-100 elementor-top-column elementor-element elementor-element-312feb4e\" data-id=\"312feb4e\" data-element_type=\"column\">\n\t\t\t<div class=\"elementor-widget-wrap elementor-element-populated\">\n\t\t\t\t\t\t<section class=\"elementor-section elementor-inner-section elementor-element elementor-element-67e3f5d elementor-section-boxed elementor-section-height-default elementor-section-height-default\" data-id=\"67e3f5d\" data-element_type=\"section\">\n\t\t\t\t\t\t<div class=\"elementor-container elementor-column-gap-default\">\n\t\t\t\t\t<div class=\"elementor-column elementor-col-50 elementor-inner-column elementor-element elementor-element-8895347\" data-id=\"8895347\" data-element_type=\"column\">\n\t\t\t<div class=\"elementor-widget-wrap elementor-element-populated\">\n\t\t\t\t\t\t<div class=\"elementor-element elementor-element-ea87d1a elementor-widget elementor-widget-heading\" data-id=\"ea87d1a\" data-element_type=\"widget\" data-widget_type=\"heading.default\">\n\t\t\t\t<div class=\"elementor-widget-container\">\n\t\t\t<h2 class=\"elementor-heading-title elementor-size-default\">Li\u00ean h\u1ec7 v\u1edbi Sukai<\/h2>\t\t<\/div>\n\t\t\t\t<\/div>\n\t\t\t\t<div class=\"elementor-element elementor-element-770ea8e elementor-widget elementor-widget-text-editor\" data-id=\"770ea8e\" data-element_type=\"widget\" data-widget_type=\"text-editor.default\">\n\t\t\t\t<div class=\"elementor-widget-container\">\n\t\t\t\t\t\t\t<p>Gia d\u1ee5ng Sukai &#8211; k\u1ec1 vai c\u00f9ng gia \u0111\u00ecnh b\u1ea1n!<\/p><p><span class=\"fphone-text\"><strong>\u0110i\u1ec7n tho\u1ea1i:<\/strong>\u00a0<\/span><a class=\"text-white ml-auto\" href=\"tel:0986.311.128 - 0815.926.555\">0986.311.128 \u2013 0815.926.555<\/a><br \/><strong><span class=\"femail-text\">Email:<\/span><\/strong>\u00a0<a class=\"text-white ml-auto\" href=\"mailto:sukaivietnam@gmail.com\">sukaivietnam@gmail.com<\/a><\/p>\t\t\t\t\t\t<\/div>\n\t\t\t\t<\/div>\n\t\t\t\t<div class=\"elementor-element elementor-element-bbb3f7f elementor-widget elementor-widget-image\" data-id=\"bbb3f7f\" data-element_type=\"widget\" data-widget_type=\"image.default\">\n\t\t\t\t<div class=\"elementor-widget-container\">\n\t\t\t\t\t\t\t\t\t\t\t\t\t<img fetchpriority=\"high\" decoding=\"async\" width=\"500\" height=\"250\" src=\"https:\/\/web.host247.vn\/web027\/wp-content\/uploads\/logo-sukai.png\" class=\"attachment-large size-large wp-image-67\" alt=\"\" srcset=\"https:\/\/web.host247.vn\/web027\/wp-content\/uploads\/logo-sukai.png 500w, https:\/\/web.host247.vn\/web027\/wp-content\/uploads\/logo-sukai-300x150.png 300w, https:\/\/web.host247.vn\/web027\/wp-content\/uploads\/logo-sukai-150x75.png 150w\" sizes=\"(max-width: 500px) 100vw, 500px\" \/>\t\t\t\t\t\t\t\t\t\t\t\t\t<\/div>\n\t\t\t\t<\/div>\n\t\t\t\t<div class=\"elementor-element elementor-element-ed8eb4d elementor-widget elementor-widget-image\" data-id=\"ed8eb4d\" data-element_type=\"widget\" data-widget_type=\"image.default\">\n\t\t\t\t<div class=\"elementor-widget-container\">\n\t\t\t\t\t\t\t\t\t\t\t\t\t<img decoding=\"async\" width=\"612\" height=\"408\" src=\"https:\/\/web.host247.vn\/web027\/wp-content\/uploads\/giadinh1.jpg\" class=\"attachment-large size-large wp-image-226\" alt=\"\" srcset=\"https:\/\/web.host247.vn\/web027\/wp-content\/uploads\/giadinh1.jpg 612w, https:\/\/web.host247.vn\/web027\/wp-content\/uploads\/giadinh1-300x200.jpg 300w, https:\/\/web.host247.vn\/web027\/wp-content\/uploads\/giadinh1-150x100.jpg 150w, https:\/\/web.host247.vn\/web027\/wp-content\/uploads\/giadinh1-600x400.jpg 600w\" sizes=\"(max-width: 612px) 100vw, 612px\" \/>\t\t\t\t\t\t\t\t\t\t\t\t\t<\/div>\n\t\t\t\t<\/div>\n\t\t\t\t\t<\/div>\n\t\t<\/div>\n\t\t\t\t<div class=\"elementor-column elementor-col-50 elementor-inner-column elementor-element elementor-element-db7efd8\" data-id=\"db7efd8\" data-element_type=\"column\">\n\t\t\t<div class=\"elementor-widget-wrap elementor-element-populated\">\n\t\t\t\t\t\t<div class=\"elementor-element elementor-element-7e78c17f elementor-widget elementor-widget-shortcode\" data-id=\"7e78c17f\" data-element_type=\"widget\" data-widget_type=\"shortcode.default\">\n\t\t\t\t<div class=\"elementor-widget-container\">\n\t\t\t\t\t<div class=\"elementor-shortcode\">\n<div class=\"wpcf7 no-js\" id=\"wpcf7-f19-o1\" lang=\"vi\" dir=\"ltr\" data-wpcf7-id=\"19\">\n<div class=\"screen-reader-response\"><p role=\"status\" aria-live=\"polite\" aria-atomic=\"true\"><\/p> <ul><\/ul><\/div>\n<form action=\"\/web027\/wp-json\/wp\/v2\/pages\/223#wpcf7-f19-o1\" method=\"post\" class=\"wpcf7-form init\" aria-label=\"Form li\u00ean h\u1ec7\" novalidate=\"novalidate\" data-status=\"init\">\n<div style=\"display: none;\">\n<input type=\"hidden\" name=\"_wpcf7\" value=\"19\" \/>\n<input type=\"hidden\" name=\"_wpcf7_version\" value=\"6.0\" \/>\n<input type=\"hidden\" name=\"_wpcf7_locale\" value=\"vi\" \/>\n<input type=\"hidden\" name=\"_wpcf7_unit_tag\" value=\"wpcf7-f19-o1\" \/>\n<input type=\"hidden\" name=\"_wpcf7_container_post\" value=\"0\" \/>\n<input type=\"hidden\" name=\"_wpcf7_posted_data_hash\" value=\"\" \/>\n<\/div>\n<p><label> H\u1ecd t\u00ean<br \/>\n<span class=\"wpcf7-form-control-wrap\" data-name=\"your-name\"><input size=\"40\" maxlength=\"400\" class=\"wpcf7-form-control wpcf7-text wpcf7-validates-as-required\" autocomplete=\"name\" aria-required=\"true\" aria-invalid=\"false\" value=\"\" type=\"text\" name=\"your-name\" \/><\/span> <\/label>\n<\/p>\n<p><label> \u0110\u1ecba ch\u1ec9 email<br \/>\n<span class=\"wpcf7-form-control-wrap\" data-name=\"your-email\"><input size=\"40\" maxlength=\"400\" class=\"wpcf7-form-control wpcf7-email wpcf7-validates-as-required wpcf7-text wpcf7-validates-as-email\" autocomplete=\"email\" aria-required=\"true\" aria-invalid=\"false\" value=\"\" type=\"email\" name=\"your-email\" \/><\/span> <\/label>\n<\/p>\n<p><label> Ti\u00eau \u0111\u1ec1<br \/>\n<span class=\"wpcf7-form-control-wrap\" data-name=\"your-subject\"><input size=\"40\" maxlength=\"400\" class=\"wpcf7-form-control wpcf7-text wpcf7-validates-as-required\" aria-required=\"true\" aria-invalid=\"false\" value=\"\" type=\"text\" name=\"your-subject\" \/><\/span> <\/label>\n<\/p>\n<p><label> Th\u00f4ng \u0111i\u1ec7p, y\u00eau c\u1ea7u<br \/>\n<span class=\"wpcf7-form-control-wrap\" data-name=\"your-message\"><textarea cols=\"40\" rows=\"10\" maxlength=\"2000\" class=\"wpcf7-form-control wpcf7-textarea\" aria-invalid=\"false\" name=\"your-message\"><\/textarea><\/span> <\/label>\n<\/p>\n<p><input class=\"wpcf7-form-control wpcf7-submit has-spinner\" type=\"submit\" value=\"G\u1eedi\" \/>\n<\/p><div class=\"wpcf7-response-output\" aria-hidden=\"true\"><\/div>\n<\/form>\n<\/div>\n<\/div>\n\t\t\t\t<\/div>\n\t\t\t\t<\/div>\n\t\t\t\t\t<\/div>\n\t\t<\/div>\n\t\t\t\t\t<\/div>\n\t\t<\/section>\n\t\t\t\t\t<\/div>\n\t\t<\/div>\n\t\t\t\t\t<\/div>\n\t\t<\/section>\n\t\t\t\t<\/div>\n\t\t","protected":false},"excerpt":{"rendered":"<p>Li\u00ean h\u1ec7 v\u1edbi Sukai Gia d\u1ee5ng Sukai &#8211; k\u1ec1 vai c\u00f9ng gia \u0111\u00ecnh b\u1ea1n! \u0110i\u1ec7n tho\u1ea1i:\u00a00986.311.128 \u2013 0815.926.555Email:\u00a0sukaivietnam@gmail.com<\/p>\n","protected":false},"author":1,"featured_media":0,"parent":0,"menu_order":0,"comment_status":"closed","ping_status":"closed","template":"","meta":{"footnotes":""},"class_list":["post-223","page","type-page","status-publish","hentry"],"_links":{"self":[{"href":"https:\/\/web.host247.vn\/web027\/wp-json\/wp\/v2\/pages\/223","targetHints":{"allow":["GET"]}}],"collection":[{"href":"https:\/\/web.host247.vn\/web027\/wp-json\/wp\/v2\/pages"}],"about":[{"href":"https:\/\/web.host247.vn\/web027\/wp-json\/wp\/v2\/types\/page"}],"author":[{"embeddable":true,"href":"https:\/\/web.host247.vn\/web027\/wp-json\/wp\/v2\/users\/1"}],"replies":[{"embeddable":true,"href":"https:\/\/web.host247.vn\/web027\/wp-json\/wp\/v2\/comments?post=223"}],"version-history":[{"count":13,"href":"https:\/\/web.host247.vn\/web027\/wp-json\/wp\/v2\/pages\/223\/revisions"}],"predecessor-version":[{"id":442,"href":"https:\/\/web.host247.vn\/web027\/wp-json\/wp\/v2\/pages\/223\/revisions\/442"}],"wp:attachment":[{"href":"https:\/\/web.host247.vn\/web027\/wp-json\/wp\/v2\/media?parent=223"}],"curies":[{"name":"wp","href":"https:\/\/api.w.org\/{rel}","templated":true}]}}