{"id":439,"date":"2017-02-01T10:38:11","date_gmt":"2017-02-01T10:38:11","guid":{"rendered":"http:\/\/localhost\/newhome\/?page_id=439"},"modified":"2022-09-02T13:58:37","modified_gmt":"2022-09-02T13:58:37","slug":"image-property-listings","status":"publish","type":"page","link":"https:\/\/web.host247.vn\/web013\/","title":{"rendered":"Homepage &#8211; Image + Dynamic Search Form"},"content":{"rendered":null,"protected":false},"excerpt":{"rendered":"[vc_row full_width=\"stretch_row_content_no_spaces\"][vc_column css=\".vc_custom_1487251666232{padding-bottom: 24px !important;}\"] Mua nh\u00e0 \u01b0ng \u00fd M\u00e0 kh\u00f4ng m\u1ea5t ph\u00ed [\/vc_column][\/vc_row][vc_row full_width=\"stretch_row\" css=\".vc_custom_1486204646959{background-color: #f2f2f2 !important;}\"][vc_column css=\".vc_custom_1487058900002{padding-top: 39px !important;padding-bottom: 24px !important;}\"] N\u1ed5i b\u1eadt B\u00e1n L\u00d4 G\u00d3C- 2 M\u1eb6T THO\u00c1NG V\u0128NH VI\u1ec4N- CH\u1ee6 T\u1eb6NG L\u1ea0I TO\u00c0N B\u1ed8 N\u1ed8I TH\u1ea4T X\u1ecaN. Khu A - T\u1ea7ng 14 To\u00e0 789 B\u1ed9 Qu\u1ed1c Ph\u00f2ng &quot;M\u1ef9 \u0110\u00ecnh&quot;, Nam T\u1eeb [...]","protected":false},"author":1,"featured_media":0,"parent":0,"menu_order":0,"comment_status":"closed","ping_status":"closed","template":"page_full-width.php","meta":{"footnotes":""},"class_list":["post-439","page","type-page","status-publish","hentry"],"_links":{"self":[{"href":"https:\/\/web.host247.vn\/web013\/wp-json\/wp\/v2\/pages\/439"}],"collection":[{"href":"https:\/\/web.host247.vn\/web013\/wp-json\/wp\/v2\/pages"}],"about":[{"href":"https:\/\/web.host247.vn\/web013\/wp-json\/wp\/v2\/types\/page"}],"author":[{"embeddable":true,"href":"https:\/\/web.host247.vn\/web013\/wp-json\/wp\/v2\/users\/1"}],"replies":[{"embeddable":true,"href":"https:\/\/web.host247.vn\/web013\/wp-json\/wp\/v2\/comments?post=439"}],"version-history":[{"count":3,"href":"https:\/\/web.host247.vn\/web013\/wp-json\/wp\/v2\/pages\/439\/revisions"}],"predecessor-version":[{"id":3578,"href":"https:\/\/web.host247.vn\/web013\/wp-json\/wp\/v2\/pages\/439\/revisions\/3578"}],"wp:attachment":[{"href":"https:\/\/web.host247.vn\/web013\/wp-json\/wp\/v2\/media?parent=439"}],"curies":[{"name":"wp","href":"https:\/\/api.w.org\/{rel}","templated":true}]}}