{"id":2551,"date":"2017-11-25T18:11:05","date_gmt":"2017-11-25T18:11:05","guid":{"rendered":"https:\/\/myhometheme.net\/default\/?page_id=2551"},"modified":"2018-07-02T12:05:59","modified_gmt":"2018-07-02T12:05:59","slug":"featured","status":"publish","type":"page","link":"https:\/\/web.host247.vn\/web013\/featured\/","title":{"rendered":"Featured Properties"},"content":{"rendered":null,"protected":false},"excerpt":{"rendered":"[vc_row][vc_column css=\".vc_custom_1530530997764{padding-top: 12px !important;padding-bottom: 48px !important;}\"][vc_column_text css=\".vc_custom_1530531065155{margin-bottom: 0px !important;}\"] After a time we drew near the road, and as we did so we heard the clatter of hoofs and saw through the tree stems three cavalry soldiers riding slowly towards [\/vc_column_text][\/vc_column][\/vc_row][vc_row][vc_column] B\u00e1n L\u00d4 G\u00d3C- 2 M\u1eb6T THO\u00c1NG V\u0128NH VI\u1ec4N- CH\u1ee6 T\u1eb6NG L\u1ea0I TO\u00c0N B\u1ed8 N\u1ed8I [...]","protected":false},"author":1,"featured_media":0,"parent":0,"menu_order":0,"comment_status":"closed","ping_status":"closed","template":"page_full-width-with-top-title.php","meta":{"footnotes":""},"class_list":["post-2551","page","type-page","status-publish","hentry"],"_links":{"self":[{"href":"https:\/\/web.host247.vn\/web013\/wp-json\/wp\/v2\/pages\/2551"}],"collection":[{"href":"https:\/\/web.host247.vn\/web013\/wp-json\/wp\/v2\/pages"}],"about":[{"href":"https:\/\/web.host247.vn\/web013\/wp-json\/wp\/v2\/types\/page"}],"author":[{"embeddable":true,"href":"https:\/\/web.host247.vn\/web013\/wp-json\/wp\/v2\/users\/1"}],"replies":[{"embeddable":true,"href":"https:\/\/web.host247.vn\/web013\/wp-json\/wp\/v2\/comments?post=2551"}],"version-history":[{"count":0,"href":"https:\/\/web.host247.vn\/web013\/wp-json\/wp\/v2\/pages\/2551\/revisions"}],"wp:attachment":[{"href":"https:\/\/web.host247.vn\/web013\/wp-json\/wp\/v2\/media?parent=2551"}],"curies":[{"name":"wp","href":"https:\/\/api.w.org\/{rel}","templated":true}]}}