{"id":1014,"date":"2022-07-01T03:54:09","date_gmt":"2022-07-01T03:54:09","guid":{"rendered":"https:\/\/flawlessdigitalagency.com\/finmag\/?page_id=1014"},"modified":"2023-10-15T01:06:22","modified_gmt":"2023-10-14T18:06:22","slug":"lien-he","status":"publish","type":"page","link":"https:\/\/web.host247.vn\/web012\/lien-he\/","title":{"rendered":"Li\u00ean h\u1ec7"},"content":{"rendered":"\t\t<div data-elementor-type=\"wp-page\" data-elementor-id=\"1014\" class=\"elementor elementor-1014\">\n\t\t\t\t\t\t\t\t\t<section class=\"elementor-section elementor-top-section elementor-element elementor-element-d8c32dd elementor-section-boxed elementor-section-height-default elementor-section-height-default\" data-id=\"d8c32dd\" data-element_type=\"section\">\n\t\t\t\t\t\t<div class=\"elementor-container elementor-column-gap-default\">\n\t\t\t\t\t<div class=\"elementor-column elementor-col-50 elementor-top-column elementor-element elementor-element-c5c25fb\" data-id=\"c5c25fb\" data-element_type=\"column\">\n\t\t\t<div class=\"elementor-widget-wrap elementor-element-populated\">\n\t\t\t\t\t\t\t\t<div class=\"elementor-element elementor-element-d6bf6bd elementor-widget elementor-widget-image\" data-id=\"d6bf6bd\" data-element_type=\"widget\" data-widget_type=\"image.default\">\n\t\t\t\t<div class=\"elementor-widget-container\">\n\t\t\t<style>\/*! elementor - v3.17.0 - 08-11-2023 *\/\n.elementor-widget-image{text-align:center}.elementor-widget-image a{display:inline-block}.elementor-widget-image a img[src$=\".svg\"]{width:48px}.elementor-widget-image img{vertical-align:middle;display:inline-block}<\/style>\t\t\t\t\t\t\t\t\t\t\t\t<img decoding=\"async\" loading=\"lazy\" width=\"450\" height=\"236\" src=\"https:\/\/web.host247.vn\/web012\/wp-content\/uploads\/Bai-thuoc-hoac-huong-chinh-khi.jpg\" class=\"attachment-large size-large wp-image-8133\" alt=\"\" srcset=\"https:\/\/web.host247.vn\/web012\/wp-content\/uploads\/Bai-thuoc-hoac-huong-chinh-khi.jpg 450w, https:\/\/web.host247.vn\/web012\/wp-content\/uploads\/Bai-thuoc-hoac-huong-chinh-khi-300x157.jpg 300w\" sizes=\"(max-width: 450px) 100vw, 450px\" \/>\t\t\t\t\t\t\t\t\t\t\t\t\t\t\t<\/div>\n\t\t\t\t<\/div>\n\t\t\t\t<div class=\"elementor-element elementor-element-fe9f56d elementor-widget elementor-widget-text-editor\" data-id=\"fe9f56d\" data-element_type=\"widget\" data-widget_type=\"text-editor.default\">\n\t\t\t\t<div class=\"elementor-widget-container\">\n\t\t\t<style>\/*! elementor - v3.17.0 - 08-11-2023 *\/\n.elementor-widget-text-editor.elementor-drop-cap-view-stacked .elementor-drop-cap{background-color:#69727d;color:#fff}.elementor-widget-text-editor.elementor-drop-cap-view-framed .elementor-drop-cap{color:#69727d;border:3px solid;background-color:transparent}.elementor-widget-text-editor:not(.elementor-drop-cap-view-default) .elementor-drop-cap{margin-top:8px}.elementor-widget-text-editor:not(.elementor-drop-cap-view-default) .elementor-drop-cap-letter{width:1em;height:1em}.elementor-widget-text-editor .elementor-drop-cap{float:left;text-align:center;line-height:1;font-size:50px}.elementor-widget-text-editor .elementor-drop-cap-letter{display:inline-block}<\/style>\t\t\t\t<p><strong>V\u01af\u1edcN L\u00c0NH<\/strong><\/p><p><strong>\u0110\u1ecba ch\u1ec9:<\/strong> Ng\u00f5 54, \u0111\u01b0\u1eddng C\u1ed5 \u0110\u00f4ng 2, x\u00e3 C\u1ed5 \u0110\u00f4ng, S\u01a1n T\u00e2y, H\u00e0 N\u1ed9i<\/p><p><strong>\u0110i\u1ec7n tho\u1ea1i:<\/strong> 0983393958<\/p><p><strong>Email:<\/strong> vuonlanhvietnam@gmail.com<\/p>\t\t\t\t\t\t<\/div>\n\t\t\t\t<\/div>\n\t\t\t\t<div class=\"elementor-element elementor-element-e229548 elementor-widget elementor-widget-text-editor\" data-id=\"e229548\" data-element_type=\"widget\" data-widget_type=\"text-editor.default\">\n\t\t\t\t<div class=\"elementor-widget-container\">\n\t\t\t\t\t\t\t<p>H\u00e3y \u0111\u1ec3 l\u1ea1i th\u00f4ng tin c\u1ee7a b\u1ea1n \u1edf bi\u1ec3u m\u1eabu sau, ch\u00fang t\u00f4i s\u1ebd ph\u1ea3n h\u1ed3i trong th\u1eddi gian s\u1edbm nh\u1ea5t.<\/p>\t\t\t\t\t\t<\/div>\n\t\t\t\t<\/div>\n\t\t\t\t<div class=\"elementor-element elementor-element-1c04d01 elementor-widget elementor-widget-shortcode\" data-id=\"1c04d01\" data-element_type=\"widget\" data-widget_type=\"shortcode.default\">\n\t\t\t\t<div class=\"elementor-widget-container\">\n\t\t\t\t\t<div class=\"elementor-shortcode\">\n<div class=\"wpcf7 no-js\" id=\"wpcf7-f2306-o1\" lang=\"en-US\" dir=\"ltr\">\n<div class=\"screen-reader-response\"><p role=\"status\" aria-live=\"polite\" aria-atomic=\"true\"><\/p> <ul><\/ul><\/div>\n<form action=\"\/web012\/wp-json\/wp\/v2\/pages\/1014#wpcf7-f2306-o1\" method=\"post\" class=\"wpcf7-form init\" aria-label=\"Contact form\" novalidate=\"novalidate\" data-status=\"init\">\n<div style=\"display: none;\">\n<input type=\"hidden\" name=\"_wpcf7\" value=\"2306\" \/>\n<input type=\"hidden\" name=\"_wpcf7_version\" value=\"5.8.2\" \/>\n<input type=\"hidden\" name=\"_wpcf7_locale\" value=\"en_US\" \/>\n<input type=\"hidden\" name=\"_wpcf7_unit_tag\" value=\"wpcf7-f2306-o1\" \/>\n<input type=\"hidden\" name=\"_wpcf7_container_post\" value=\"0\" \/>\n<input type=\"hidden\" name=\"_wpcf7_posted_data_hash\" value=\"\" \/>\n<\/div>\n<div class=\"custom-themee-contactt\">\n\t<div class=\"row\">\n\t\t<div class=\"col-md-6\">\n\t\t\t<p><label for=\"your-name\">H\u1ecd t\u00ean<\/label><br \/>\n<span class=\"wpcf7-form-control-wrap\" data-name=\"Name\"><input size=\"40\" class=\"wpcf7-form-control wpcf7-text wpcf7-validates-as-required fnamee\" aria-required=\"true\" aria-invalid=\"false\" value=\"\" type=\"text\" name=\"Name\" \/><\/span>\n\t\t\t<\/p>\n\t\t<\/div>\n\t\t<div class=\"col-md-6\">\n\t\t\t<p><label for=\"your-name\">\u0110\u1ecba ch\u1ec9 email<\/label><br \/>\n<span class=\"wpcf7-form-control-wrap\" data-name=\"email-421\"><input size=\"40\" class=\"wpcf7-form-control wpcf7-email wpcf7-validates-as-required wpcf7-text wpcf7-validates-as-email fnamee\" aria-required=\"true\" aria-invalid=\"false\" value=\"\" type=\"email\" name=\"email-421\" \/><\/span>\n\t\t\t<\/p>\n\t\t<\/div>\n\t\t<div class=\"col-md-12\">\n\t\t\t<p><label for=\"your-name\">Tin nh\u1eafn<\/label><br \/>\n<span class=\"wpcf7-form-control-wrap\" data-name=\"textarea-227\"><textarea cols=\"40\" rows=\"10\" class=\"wpcf7-form-control wpcf7-textarea wpcf7-validates-as-required fmessage\" aria-required=\"true\" aria-invalid=\"false\" name=\"textarea-227\"><\/textarea><\/span>\n\t\t\t<\/p>\n\t\t<\/div>\n\t\t<div class=\"col-md-12\">\n\t\t\t<div class=\"fsubmit\">\n\t\t\t\t<p><input class=\"wpcf7-form-control wpcf7-submit has-spinner fsubmitt\" type=\"submit\" value=\"G\u1eedi\" \/>\n\t\t\t\t<\/p>\n\t\t\t<\/div>\n\t\t<\/div>\n\t<\/div>\n<\/div><div class=\"wpcf7-response-output\" aria-hidden=\"true\"><\/div>\n<\/form>\n<\/div>\n<\/div>\n\t\t\t\t<\/div>\n\t\t\t\t<\/div>\n\t\t\t\t\t<\/div>\n\t\t<\/div>\n\t\t\t\t<div class=\"elementor-column elementor-col-50 elementor-top-column elementor-element elementor-element-24a09b6\" data-id=\"24a09b6\" data-element_type=\"column\">\n\t\t\t<div class=\"elementor-widget-wrap elementor-element-populated\">\n\t\t\t\t\t\t\t\t<div class=\"elementor-element elementor-element-d7aff04 elementor-widget elementor-widget-google_maps\" data-id=\"d7aff04\" data-element_type=\"widget\" data-widget_type=\"google_maps.default\">\n\t\t\t\t<div class=\"elementor-widget-container\">\n\t\t\t<style>\/*! elementor - v3.17.0 - 08-11-2023 *\/\n.elementor-widget-google_maps .elementor-widget-container{overflow:hidden}.elementor-widget-google_maps .elementor-custom-embed{line-height:0}.elementor-widget-google_maps iframe{height:300px}<\/style>\t\t<div class=\"elementor-custom-embed\">\n\t\t\t<iframe loading=\"lazy\"\n\t\t\t\t\tsrc=\"https:\/\/maps.google.com\/maps?q=21.0408842%2C105.5109652&#038;t=m&#038;z=10&#038;output=embed&#038;iwloc=near\"\n\t\t\t\t\ttitle=\"21.0408842,105.5109652\"\n\t\t\t\t\taria-label=\"21.0408842,105.5109652\"\n\t\t\t><\/iframe>\n\t\t<\/div>\n\t\t\t\t<\/div>\n\t\t\t\t<\/div>\n\t\t\t\t\t<\/div>\n\t\t<\/div>\n\t\t\t\t\t\t\t<\/div>\n\t\t<\/section>\n\t\t\t\t<section class=\"elementor-section elementor-top-section elementor-element elementor-element-55b838a elementor-section-stretched instagram-custom-wrap animated-slow elementor-section-full_width elementor-section-height-default elementor-section-height-default elementor-invisible\" data-id=\"55b838a\" data-element_type=\"section\" data-settings=\"{&quot;stretch_section&quot;:&quot;section-stretched&quot;,&quot;animation&quot;:&quot;fadeIn&quot;}\">\n\t\t\t\t\t\t<div class=\"elementor-container elementor-column-gap-default\">\n\t\t\t\t\t<div class=\"elementor-column elementor-col-16 elementor-top-column elementor-element elementor-element-62f73c9\" data-id=\"62f73c9\" data-element_type=\"column\">\n\t\t\t<div class=\"elementor-widget-wrap elementor-element-populated\">\n\t\t\t\t\t\t\t\t<div class=\"elementor-element elementor-element-a7496b2 elementor-widget elementor-widget-image\" data-id=\"a7496b2\" data-element_type=\"widget\" data-widget_type=\"image.default\">\n\t\t\t\t<div class=\"elementor-widget-container\">\n\t\t\t\t\t\t\t\t\t\t\t\t\t\t\t\t<a href=\"https:\/\/www.instagram.com\" target=\"_blank\">\n\t\t\t\t\t\t\t<img decoding=\"async\" loading=\"lazy\" width=\"550\" height=\"550\" src=\"https:\/\/web.host247.vn\/web012\/wp-content\/uploads\/tulam.jpg\" class=\"attachment-full size-full wp-image-8096\" alt=\"\" srcset=\"https:\/\/web.host247.vn\/web012\/wp-content\/uploads\/tulam.jpg 550w, https:\/\/web.host247.vn\/web012\/wp-content\/uploads\/tulam-300x300.jpg 300w, https:\/\/web.host247.vn\/web012\/wp-content\/uploads\/tulam-150x150.jpg 150w, https:\/\/web.host247.vn\/web012\/wp-content\/uploads\/tulam-530x530.jpg 530w, https:\/\/web.host247.vn\/web012\/wp-content\/uploads\/tulam-500x500.jpg 500w, https:\/\/web.host247.vn\/web012\/wp-content\/uploads\/tulam-100x100.jpg 100w\" sizes=\"(max-width: 550px) 100vw, 550px\" \/>\t\t\t\t\t\t\t\t<\/a>\n\t\t\t\t\t\t\t\t\t\t\t\t\t\t\t<\/div>\n\t\t\t\t<\/div>\n\t\t\t\t\t<\/div>\n\t\t<\/div>\n\t\t\t\t<div class=\"elementor-column elementor-col-16 elementor-top-column elementor-element elementor-element-0557fb8\" data-id=\"0557fb8\" data-element_type=\"column\">\n\t\t\t<div class=\"elementor-widget-wrap elementor-element-populated\">\n\t\t\t\t\t\t\t\t<div class=\"elementor-element elementor-element-05c1af4 elementor-widget elementor-widget-image\" data-id=\"05c1af4\" data-element_type=\"widget\" data-widget_type=\"image.default\">\n\t\t\t\t<div class=\"elementor-widget-container\">\n\t\t\t\t\t\t\t\t\t\t\t\t\t\t\t\t<a href=\"https:\/\/www.instagram.com\" target=\"_blank\">\n\t\t\t\t\t\t\t<img decoding=\"async\" loading=\"lazy\" width=\"749\" height=\"749\" src=\"https:\/\/web.host247.vn\/web012\/wp-content\/uploads\/chedoanuong.jpg\" class=\"attachment-full size-full wp-image-8095\" alt=\"\" srcset=\"https:\/\/web.host247.vn\/web012\/wp-content\/uploads\/chedoanuong.jpg 749w, https:\/\/web.host247.vn\/web012\/wp-content\/uploads\/chedoanuong-300x300.jpg 300w, https:\/\/web.host247.vn\/web012\/wp-content\/uploads\/chedoanuong-150x150.jpg 150w, https:\/\/web.host247.vn\/web012\/wp-content\/uploads\/chedoanuong-530x530.jpg 530w, https:\/\/web.host247.vn\/web012\/wp-content\/uploads\/chedoanuong-500x500.jpg 500w, https:\/\/web.host247.vn\/web012\/wp-content\/uploads\/chedoanuong-600x600.jpg 600w, https:\/\/web.host247.vn\/web012\/wp-content\/uploads\/chedoanuong-100x100.jpg 100w\" sizes=\"(max-width: 749px) 100vw, 749px\" \/>\t\t\t\t\t\t\t\t<\/a>\n\t\t\t\t\t\t\t\t\t\t\t\t\t\t\t<\/div>\n\t\t\t\t<\/div>\n\t\t\t\t\t<\/div>\n\t\t<\/div>\n\t\t\t\t<div class=\"elementor-column elementor-col-16 elementor-top-column elementor-element elementor-element-2306204\" data-id=\"2306204\" data-element_type=\"column\">\n\t\t\t<div class=\"elementor-widget-wrap elementor-element-populated\">\n\t\t\t\t\t\t\t\t<div class=\"elementor-element elementor-element-70ed5aa elementor-widget elementor-widget-image\" data-id=\"70ed5aa\" data-element_type=\"widget\" data-widget_type=\"image.default\">\n\t\t\t\t<div class=\"elementor-widget-container\">\n\t\t\t\t\t\t\t\t\t\t\t\t\t\t\t\t<a href=\"https:\/\/www.instagram.com\" target=\"_blank\">\n\t\t\t\t\t\t\t<img decoding=\"async\" loading=\"lazy\" width=\"500\" height=\"500\" src=\"https:\/\/web.host247.vn\/web012\/wp-content\/uploads\/toi1.jpg\" class=\"attachment-full size-full wp-image-8108\" alt=\"\" srcset=\"https:\/\/web.host247.vn\/web012\/wp-content\/uploads\/toi1.jpg 500w, https:\/\/web.host247.vn\/web012\/wp-content\/uploads\/toi1-300x300.jpg 300w, https:\/\/web.host247.vn\/web012\/wp-content\/uploads\/toi1-150x150.jpg 150w, https:\/\/web.host247.vn\/web012\/wp-content\/uploads\/toi1-100x100.jpg 100w\" sizes=\"(max-width: 500px) 100vw, 500px\" \/>\t\t\t\t\t\t\t\t<\/a>\n\t\t\t\t\t\t\t\t\t\t\t\t\t\t\t<\/div>\n\t\t\t\t<\/div>\n\t\t\t\t\t<\/div>\n\t\t<\/div>\n\t\t\t\t<div class=\"elementor-column elementor-col-16 elementor-top-column elementor-element elementor-element-22c24ae\" data-id=\"22c24ae\" data-element_type=\"column\">\n\t\t\t<div class=\"elementor-widget-wrap elementor-element-populated\">\n\t\t\t\t\t\t\t\t<div class=\"elementor-element elementor-element-e657bb6 elementor-widget elementor-widget-image\" data-id=\"e657bb6\" data-element_type=\"widget\" data-widget_type=\"image.default\">\n\t\t\t\t<div class=\"elementor-widget-container\">\n\t\t\t\t\t\t\t\t\t\t\t\t\t\t\t\t<a href=\"https:\/\/www.instagram.com\" target=\"_blank\">\n\t\t\t\t\t\t\t<img decoding=\"async\" loading=\"lazy\" width=\"568\" height=\"568\" src=\"https:\/\/web.host247.vn\/web012\/wp-content\/uploads\/gung.jpg\" class=\"attachment-full size-full wp-image-8109\" alt=\"\" srcset=\"https:\/\/web.host247.vn\/web012\/wp-content\/uploads\/gung.jpg 568w, https:\/\/web.host247.vn\/web012\/wp-content\/uploads\/gung-300x300.jpg 300w, https:\/\/web.host247.vn\/web012\/wp-content\/uploads\/gung-150x150.jpg 150w, https:\/\/web.host247.vn\/web012\/wp-content\/uploads\/gung-530x530.jpg 530w, https:\/\/web.host247.vn\/web012\/wp-content\/uploads\/gung-500x500.jpg 500w, https:\/\/web.host247.vn\/web012\/wp-content\/uploads\/gung-100x100.jpg 100w\" sizes=\"(max-width: 568px) 100vw, 568px\" \/>\t\t\t\t\t\t\t\t<\/a>\n\t\t\t\t\t\t\t\t\t\t\t\t\t\t\t<\/div>\n\t\t\t\t<\/div>\n\t\t\t\t\t<\/div>\n\t\t<\/div>\n\t\t\t\t<div class=\"elementor-column elementor-col-16 elementor-top-column elementor-element elementor-element-5db6013\" data-id=\"5db6013\" data-element_type=\"column\">\n\t\t\t<div class=\"elementor-widget-wrap elementor-element-populated\">\n\t\t\t\t\t\t\t\t<div class=\"elementor-element elementor-element-aa6f182 elementor-widget elementor-widget-image\" data-id=\"aa6f182\" data-element_type=\"widget\" data-widget_type=\"image.default\">\n\t\t\t\t<div class=\"elementor-widget-container\">\n\t\t\t\t\t\t\t\t\t\t\t\t\t\t\t\t<a href=\"https:\/\/www.instagram.com\" target=\"_blank\">\n\t\t\t\t\t\t\t<img decoding=\"async\" loading=\"lazy\" width=\"400\" height=\"400\" src=\"https:\/\/web.host247.vn\/web012\/wp-content\/uploads\/chuoi1.jpg\" class=\"attachment-full size-full wp-image-8110\" alt=\"\" srcset=\"https:\/\/web.host247.vn\/web012\/wp-content\/uploads\/chuoi1.jpg 400w, https:\/\/web.host247.vn\/web012\/wp-content\/uploads\/chuoi1-300x300.jpg 300w, https:\/\/web.host247.vn\/web012\/wp-content\/uploads\/chuoi1-150x150.jpg 150w, https:\/\/web.host247.vn\/web012\/wp-content\/uploads\/chuoi1-100x100.jpg 100w\" sizes=\"(max-width: 400px) 100vw, 400px\" \/>\t\t\t\t\t\t\t\t<\/a>\n\t\t\t\t\t\t\t\t\t\t\t\t\t\t\t<\/div>\n\t\t\t\t<\/div>\n\t\t\t\t\t<\/div>\n\t\t<\/div>\n\t\t\t\t<div class=\"elementor-column elementor-col-16 elementor-top-column elementor-element elementor-element-5a98995\" data-id=\"5a98995\" data-element_type=\"column\">\n\t\t\t<div class=\"elementor-widget-wrap elementor-element-populated\">\n\t\t\t\t\t\t\t\t<div class=\"elementor-element elementor-element-7e4a2b1 elementor-widget elementor-widget-image\" data-id=\"7e4a2b1\" data-element_type=\"widget\" data-widget_type=\"image.default\">\n\t\t\t\t<div class=\"elementor-widget-container\">\n\t\t\t\t\t\t\t\t\t\t\t\t\t\t\t\t<a href=\"https:\/\/www.instagram.com\" target=\"_blank\">\n\t\t\t\t\t\t\t<img decoding=\"async\" loading=\"lazy\" width=\"800\" height=\"800\" src=\"https:\/\/web.host247.vn\/web012\/wp-content\/uploads\/2023\/10\/bottam4.jpg\" class=\"attachment-full size-full wp-image-1362\" alt=\"\" srcset=\"https:\/\/web.host247.vn\/web012\/wp-content\/uploads\/2023\/10\/bottam4.jpg 800w, https:\/\/web.host247.vn\/web012\/wp-content\/uploads\/2023\/10\/bottam4-300x300.jpg 300w, https:\/\/web.host247.vn\/web012\/wp-content\/uploads\/2023\/10\/bottam4-150x150.jpg 150w, https:\/\/web.host247.vn\/web012\/wp-content\/uploads\/2023\/10\/bottam4-768x768.jpg 768w, https:\/\/web.host247.vn\/web012\/wp-content\/uploads\/2023\/10\/bottam4-530x530.jpg 530w, https:\/\/web.host247.vn\/web012\/wp-content\/uploads\/2023\/10\/bottam4-750x750.jpg 750w, https:\/\/web.host247.vn\/web012\/wp-content\/uploads\/2023\/10\/bottam4-500x500.jpg 500w, https:\/\/web.host247.vn\/web012\/wp-content\/uploads\/2023\/10\/bottam4-600x600.jpg 600w, https:\/\/web.host247.vn\/web012\/wp-content\/uploads\/2023\/10\/bottam4-100x100.jpg 100w\" sizes=\"(max-width: 800px) 100vw, 800px\" \/>\t\t\t\t\t\t\t\t<\/a>\n\t\t\t\t\t\t\t\t\t\t\t\t\t\t\t<\/div>\n\t\t\t\t<\/div>\n\t\t\t\t\t<\/div>\n\t\t<\/div>\n\t\t\t\t\t\t\t<\/div>\n\t\t<\/section>\n\t\t\t\t\t\t\t<\/div>\n\t\t","protected":false},"excerpt":{"rendered":"<p>V\u01af\u1edcN L\u00c0NH \u0110\u1ecba ch\u1ec9: Ng\u00f5 54, \u0111\u01b0\u1eddng C\u1ed5 \u0110\u00f4ng 2, x\u00e3 C\u1ed5 \u0110\u00f4ng, S\u01a1n T\u00e2y, H\u00e0 N\u1ed9i \u0110i\u1ec7n tho\u1ea1i: 0983393958 Email: vuonlanhvietnam@gmail.com H\u00e3y \u0111\u1ec3 l\u1ea1i th\u00f4ng tin c\u1ee7a b\u1ea1n \u1edf bi\u1ec3u m\u1eabu sau, ch\u00fang t\u00f4i s\u1ebd ph\u1ea3n h\u1ed3i trong th\u1eddi gian s\u1edbm nh\u1ea5t.<\/p>\n","protected":false},"author":1,"featured_media":0,"parent":0,"menu_order":0,"comment_status":"closed","ping_status":"closed","template":"","meta":{"footnotes":""},"yoast_head":"<!-- This site is optimized with the Yoast SEO plugin v21.5 - https:\/\/yoast.com\/wordpress\/plugins\/seo\/ -->\n<title>Li\u00ean h\u1ec7 - V\u01b0\u1eddn L\u00e0nh<\/title>\n<meta name=\"robots\" content=\"index, follow, max-snippet:-1, max-image-preview:large, max-video-preview:-1\" \/>\n<link rel=\"canonical\" href=\"https:\/\/web.host247.vn\/web012\/lien-he\/\" \/>\n<meta property=\"og:locale\" content=\"vi_VN\" \/>\n<meta property=\"og:type\" content=\"article\" \/>\n<meta property=\"og:title\" content=\"Li\u00ean h\u1ec7 - V\u01b0\u1eddn L\u00e0nh\" \/>\n<meta property=\"og:description\" content=\"V\u01af\u1edcN L\u00c0NH \u0110\u1ecba ch\u1ec9: Ng\u00f5 54, \u0111\u01b0\u1eddng C\u1ed5 \u0110\u00f4ng 2, x\u00e3 C\u1ed5 \u0110\u00f4ng, S\u01a1n T\u00e2y, H\u00e0 N\u1ed9i \u0110i\u1ec7n tho\u1ea1i: 0983393958 Email: vuonlanhvietnam@gmail.com H\u00e3y \u0111\u1ec3 l\u1ea1i th\u00f4ng tin c\u1ee7a b\u1ea1n \u1edf bi\u1ec3u m\u1eabu sau, ch\u00fang t\u00f4i s\u1ebd ph\u1ea3n h\u1ed3i trong th\u1eddi gian s\u1edbm nh\u1ea5t.\" \/>\n<meta property=\"og:url\" content=\"https:\/\/web.host247.vn\/web012\/lien-he\/\" \/>\n<meta property=\"og:site_name\" content=\"V\u01b0\u1eddn L\u00e0nh\" \/>\n<meta property=\"article:publisher\" content=\"https:\/\/www.facebook.com\/VuonLanh.health\" \/>\n<meta property=\"article:modified_time\" content=\"2023-10-14T18:06:22+00:00\" \/>\n<meta property=\"og:image\" content=\"https:\/\/web.host247.vn\/web012\/wp-content\/uploads\/Bai-thuoc-hoac-huong-chinh-khi.jpg\" \/>\n<meta name=\"twitter:card\" content=\"summary_large_image\" \/>\n<meta name=\"twitter:label1\" content=\"\u01af\u1edbc t\u00ednh th\u1eddi gian \u0111\u1ecdc\" \/>\n\t<meta name=\"twitter:data1\" content=\"2 ph\u00fat\" \/>\n<script type=\"application\/ld+json\" class=\"yoast-schema-graph\">{\"@context\":\"https:\/\/schema.org\",\"@graph\":[{\"@type\":\"WebPage\",\"@id\":\"https:\/\/web.host247.vn\/web012\/lien-he\/\",\"url\":\"https:\/\/web.host247.vn\/web012\/lien-he\/\",\"name\":\"Li\u00ean h\u1ec7 - V\u01b0\u1eddn L\u00e0nh\",\"isPartOf\":{\"@id\":\"https:\/\/web.host247.vn\/web012\/#website\"},\"datePublished\":\"2022-07-01T03:54:09+00:00\",\"dateModified\":\"2023-10-14T18:06:22+00:00\",\"breadcrumb\":{\"@id\":\"https:\/\/web.host247.vn\/web012\/lien-he\/#breadcrumb\"},\"inLanguage\":\"vi\",\"potentialAction\":[{\"@type\":\"ReadAction\",\"target\":[\"https:\/\/web.host247.vn\/web012\/lien-he\/\"]}]},{\"@type\":\"BreadcrumbList\",\"@id\":\"https:\/\/web.host247.vn\/web012\/lien-he\/#breadcrumb\",\"itemListElement\":[{\"@type\":\"ListItem\",\"position\":1,\"name\":\"Trang ch\u1ee7\",\"item\":\"https:\/\/web.host247.vn\/web012\/\"},{\"@type\":\"ListItem\",\"position\":2,\"name\":\"Li\u00ean h\u1ec7\"}]},{\"@type\":\"WebSite\",\"@id\":\"https:\/\/web.host247.vn\/web012\/#website\",\"url\":\"https:\/\/web.host247.vn\/web012\/\",\"name\":\"V\u01b0\u1eddn L\u00e0nh\",\"description\":\"\",\"publisher\":{\"@id\":\"https:\/\/web.host247.vn\/web012\/#organization\"},\"potentialAction\":[{\"@type\":\"SearchAction\",\"target\":{\"@type\":\"EntryPoint\",\"urlTemplate\":\"https:\/\/web.host247.vn\/web012\/?s={search_term_string}\"},\"query-input\":\"required name=search_term_string\"}],\"inLanguage\":\"vi\"},{\"@type\":\"Organization\",\"@id\":\"https:\/\/web.host247.vn\/web012\/#organization\",\"name\":\"V\u01b0\u1eddn L\u00e0nh\",\"url\":\"https:\/\/web.host247.vn\/web012\/\",\"logo\":{\"@type\":\"ImageObject\",\"inLanguage\":\"vi\",\"@id\":\"https:\/\/web.host247.vn\/web012\/#\/schema\/logo\/image\/\",\"url\":\"https:\/\/web012.host247.vn\/wp-content\/uploads\/2023\/09\/logo-vuon-lanh.png\",\"contentUrl\":\"https:\/\/web012.host247.vn\/wp-content\/uploads\/2023\/09\/logo-vuon-lanh.png\",\"width\":2926,\"height\":2857,\"caption\":\"V\u01b0\u1eddn L\u00e0nh\"},\"image\":{\"@id\":\"https:\/\/web.host247.vn\/web012\/#\/schema\/logo\/image\/\"},\"sameAs\":[\"https:\/\/www.facebook.com\/VuonLanh.health\"]}]}<\/script>\n<!-- \/ Yoast SEO plugin. -->","yoast_head_json":{"title":"Li\u00ean h\u1ec7 - V\u01b0\u1eddn L\u00e0nh","robots":{"index":"index","follow":"follow","max-snippet":"max-snippet:-1","max-image-preview":"max-image-preview:large","max-video-preview":"max-video-preview:-1"},"canonical":"https:\/\/web.host247.vn\/web012\/lien-he\/","og_locale":"vi_VN","og_type":"article","og_title":"Li\u00ean h\u1ec7 - V\u01b0\u1eddn L\u00e0nh","og_description":"V\u01af\u1edcN L\u00c0NH \u0110\u1ecba ch\u1ec9: Ng\u00f5 54, \u0111\u01b0\u1eddng C\u1ed5 \u0110\u00f4ng 2, x\u00e3 C\u1ed5 \u0110\u00f4ng, S\u01a1n T\u00e2y, H\u00e0 N\u1ed9i \u0110i\u1ec7n tho\u1ea1i: 0983393958 Email: vuonlanhvietnam@gmail.com H\u00e3y \u0111\u1ec3 l\u1ea1i th\u00f4ng tin c\u1ee7a b\u1ea1n \u1edf bi\u1ec3u m\u1eabu sau, ch\u00fang t\u00f4i s\u1ebd ph\u1ea3n h\u1ed3i trong th\u1eddi gian s\u1edbm nh\u1ea5t.","og_url":"https:\/\/web.host247.vn\/web012\/lien-he\/","og_site_name":"V\u01b0\u1eddn L\u00e0nh","article_publisher":"https:\/\/www.facebook.com\/VuonLanh.health","article_modified_time":"2023-10-14T18:06:22+00:00","og_image":[{"url":"https:\/\/web.host247.vn\/web012\/wp-content\/uploads\/Bai-thuoc-hoac-huong-chinh-khi.jpg"}],"twitter_card":"summary_large_image","twitter_misc":{"\u01af\u1edbc t\u00ednh th\u1eddi gian \u0111\u1ecdc":"2 ph\u00fat"},"schema":{"@context":"https:\/\/schema.org","@graph":[{"@type":"WebPage","@id":"https:\/\/web.host247.vn\/web012\/lien-he\/","url":"https:\/\/web.host247.vn\/web012\/lien-he\/","name":"Li\u00ean h\u1ec7 - V\u01b0\u1eddn L\u00e0nh","isPartOf":{"@id":"https:\/\/web.host247.vn\/web012\/#website"},"datePublished":"2022-07-01T03:54:09+00:00","dateModified":"2023-10-14T18:06:22+00:00","breadcrumb":{"@id":"https:\/\/web.host247.vn\/web012\/lien-he\/#breadcrumb"},"inLanguage":"vi","potentialAction":[{"@type":"ReadAction","target":["https:\/\/web.host247.vn\/web012\/lien-he\/"]}]},{"@type":"BreadcrumbList","@id":"https:\/\/web.host247.vn\/web012\/lien-he\/#breadcrumb","itemListElement":[{"@type":"ListItem","position":1,"name":"Trang ch\u1ee7","item":"https:\/\/web.host247.vn\/web012\/"},{"@type":"ListItem","position":2,"name":"Li\u00ean h\u1ec7"}]},{"@type":"WebSite","@id":"https:\/\/web.host247.vn\/web012\/#website","url":"https:\/\/web.host247.vn\/web012\/","name":"V\u01b0\u1eddn L\u00e0nh","description":"","publisher":{"@id":"https:\/\/web.host247.vn\/web012\/#organization"},"potentialAction":[{"@type":"SearchAction","target":{"@type":"EntryPoint","urlTemplate":"https:\/\/web.host247.vn\/web012\/?s={search_term_string}"},"query-input":"required name=search_term_string"}],"inLanguage":"vi"},{"@type":"Organization","@id":"https:\/\/web.host247.vn\/web012\/#organization","name":"V\u01b0\u1eddn L\u00e0nh","url":"https:\/\/web.host247.vn\/web012\/","logo":{"@type":"ImageObject","inLanguage":"vi","@id":"https:\/\/web.host247.vn\/web012\/#\/schema\/logo\/image\/","url":"https:\/\/web012.host247.vn\/wp-content\/uploads\/2023\/09\/logo-vuon-lanh.png","contentUrl":"https:\/\/web012.host247.vn\/wp-content\/uploads\/2023\/09\/logo-vuon-lanh.png","width":2926,"height":2857,"caption":"V\u01b0\u1eddn L\u00e0nh"},"image":{"@id":"https:\/\/web.host247.vn\/web012\/#\/schema\/logo\/image\/"},"sameAs":["https:\/\/www.facebook.com\/VuonLanh.health"]}]}},"_links":{"self":[{"href":"https:\/\/web.host247.vn\/web012\/wp-json\/wp\/v2\/pages\/1014"}],"collection":[{"href":"https:\/\/web.host247.vn\/web012\/wp-json\/wp\/v2\/pages"}],"about":[{"href":"https:\/\/web.host247.vn\/web012\/wp-json\/wp\/v2\/types\/page"}],"author":[{"embeddable":true,"href":"https:\/\/web.host247.vn\/web012\/wp-json\/wp\/v2\/users\/1"}],"replies":[{"embeddable":true,"href":"https:\/\/web.host247.vn\/web012\/wp-json\/wp\/v2\/comments?post=1014"}],"version-history":[{"count":59,"href":"https:\/\/web.host247.vn\/web012\/wp-json\/wp\/v2\/pages\/1014\/revisions"}],"predecessor-version":[{"id":8162,"href":"https:\/\/web.host247.vn\/web012\/wp-json\/wp\/v2\/pages\/1014\/revisions\/8162"}],"wp:attachment":[{"href":"https:\/\/web.host247.vn\/web012\/wp-json\/wp\/v2\/media?parent=1014"}],"curies":[{"name":"wp","href":"https:\/\/api.w.org\/{rel}","templated":true}]}}